{"id":2455,"date":"2023-11-28T17:56:45","date_gmt":"2023-11-28T16:56:45","guid":{"rendered":"https:\/\/domainedelabrave.com\/?page_id=2455"},"modified":"2026-04-05T14:58:12","modified_gmt":"2026-04-05T12:58:12","slug":"reservation-payment-policies","status":"publish","type":"page","link":"https:\/\/domainedelabrave.com\/fr\/reservation-payment-policies\/","title":{"rendered":"Comment r\u00e9server"},"content":{"rendered":"<div data-elementor-type=\"wp-page\" data-elementor-id=\"2455\" class=\"elementor elementor-2455\" data-elementor-post-type=\"page\">\n\t\t\t\t\t\t<section class=\"elementor-section elementor-top-section elementor-element elementor-element-0abdbbc elementor-section-boxed elementor-section-height-default elementor-section-height-default\" data-id=\"0abdbbc\" data-element_type=\"section\" data-e-type=\"section\">\n\t\t\t\t\t\t<div class=\"elementor-container elementor-column-gap-default\">\n\t\t\t\t\t<div class=\"elementor-column elementor-col-100 elementor-top-column elementor-element elementor-element-a18a9d4\" data-id=\"a18a9d4\" data-element_type=\"column\" data-e-type=\"column\">\n\t\t\t<div class=\"elementor-widget-wrap elementor-element-populated\">\n\t\t\t\t\t\t<div class=\"elementor-element elementor-element-d2d7113 elementor-widget elementor-widget-text-editor\" data-id=\"d2d7113\" data-element_type=\"widget\" data-e-type=\"widget\" data-widget_type=\"text-editor.default\">\n\t\t\t\t<div class=\"elementor-widget-container\">\n\t\t\t\t\t\t\t\t\t<p><span style=\"font-size: 12pt; font-family: tahoma, arial, helvetica, sans-serif;\"><em><span style=\"color: #333333;\">Booking Steps:\u00a0<\/span><\/em><\/span><\/p>\t\t\t\t\t\t\t\t<\/div>\n\t\t\t\t<\/div>\n\t\t\t\t\t<\/div>\n\t\t<\/div>\n\t\t\t\t\t<\/div>\n\t\t<\/section>\n\t\t\t\t<section class=\"elementor-section elementor-top-section elementor-element elementor-element-792e767 elementor-section-boxed elementor-section-height-default elementor-section-height-default\" data-id=\"792e767\" data-element_type=\"section\" data-e-type=\"section\">\n\t\t\t\t\t\t<div class=\"elementor-container elementor-column-gap-default\">\n\t\t\t\t\t<div class=\"elementor-column elementor-col-100 elementor-top-column elementor-element elementor-element-868aa77\" data-id=\"868aa77\" data-element_type=\"column\" data-e-type=\"column\">\n\t\t\t<div class=\"elementor-widget-wrap elementor-element-populated\">\n\t\t\t\t\t\t<div class=\"elementor-element elementor-element-a933e6d elementor-widget__width-initial elementor-widget elementor-widget-text-editor\" data-id=\"a933e6d\" data-element_type=\"widget\" data-e-type=\"widget\" data-widget_type=\"text-editor.default\">\n\t\t\t\t<div class=\"elementor-widget-container\">\n\t\t\t\t\t\t\t\t\t<p style=\"padding-left: 40px;\"><span style=\"font-size: 12pt; font-family: tahoma, arial, helvetica, sans-serif;\"><span style=\"color: #000000;\"><span style=\"font-family: arial, helvetica, sans-serif; font-size: 12pt; color: #333333;\"><strong style=\"font-family: tahoma, arial, helvetica, sans-serif; font-size: 12pt;\">\u25cf<\/strong><\/span><span style=\"color: #333333; font-size: 12pt;\">\u00a0Pour garantir votre r\u00e9servation, un acompte de 30\u202f% est demand\u00e9 lors de la r\u00e9servation<\/span><\/span><\/span><\/p><p style=\"padding-left: 40px;\" class=\"translation-block\">\u25cf Le solde de 70 % est \u00e0 r\u00e9gler au plus tard 7 jours avant votre arriv\u00e9e. Nous vous adresserons un rappel avant votre s\u00e9jour<\/p><p style=\"padding-left: 40px;\"><span style=\"font-size: 12pt; font-family: tahoma, arial, helvetica, sans-serif;\"><strong><span style=\"font-family: arial, helvetica, sans-serif; color: #333333;\">\u25cf<\/span> <\/strong><span style=\"color: #333333;\">Afin de garantir votre s\u00e9jour, nous vous remercions d\u2019effectuer votre r\u00e8glement avant cette date.\nSans confirmation de votre part, la r\u00e9servation pourra \u00eatre automatiquement annul\u00e9e.<\/span><\/span><\/p><p style=\"padding-left: 40px;\"><span style=\"font-size: 12pt; font-family: tahoma, arial, helvetica, sans-serif;\"><strong><span style=\"font-family: arial, helvetica, sans-serif; color: #333333;\">\u25cf<\/span> <\/strong><span style=\"color: #333333;\">La taxe de s\u00e9jour n\u2019est pas incluse dans le tarif et est \u00e0 r\u00e9gler sur place<\/span><\/span><\/p><p style=\"padding-left: 40px;\"><span style=\"font-size: 12pt; font-family: tahoma, arial, helvetica, sans-serif; color: #333333;\"><strong><span style=\"font-family: arial, helvetica, sans-serif;\">\u25cf<\/span> <\/strong>En confirmant votre r\u00e9servation, vous consentez aux conditions de paiement, d\u2019annulation et de modification indiqu\u00e9es ci-dessus<\/span><\/p>\t\t\t\t\t\t\t\t<\/div>\n\t\t\t\t<\/div>\n\t\t\t\t\t<\/div>\n\t\t<\/div>\n\t\t\t\t\t<\/div>\n\t\t<\/section>\n\t\t\t\t<\/div>","protected":false},"excerpt":{"rendered":"<p>Booking Steps:\u00a0 \u25cf\u00a0A\u00a030% deposit\u00a0is required at the time of booking to secure your reservation \u25cf\u00a0The remaining 70% is kindly requested no later than 7 days prior to your arrival. We will send you a reminder ahead of your stay. \u25cf To secure your stay, please make your payment by this date. Without confirmation, the reservation [&hellip;]<\/p>\n","protected":false},"author":1,"featured_media":0,"parent":0,"menu_order":0,"comment_status":"closed","ping_status":"closed","template":"","meta":{"nf_dc_page":"","om_disable_all_campaigns":false,"_monsterinsights_skip_tracking":false,"_monsterinsights_sitenote_active":false,"_monsterinsights_sitenote_note":"","_monsterinsights_sitenote_category":0,"_uf_show_specific_survey":0,"_uf_disable_surveys":false,"footnotes":""},"class_list":["post-2455","page","type-page","status-publish","hentry"],"yoast_head":"<!-- This site is optimized with the Yoast SEO plugin v27.3 - https:\/\/yoast.com\/product\/yoast-seo-wordpress\/ -->\n<title>How to Book - Domaine de La Brave<\/title>\n<meta name=\"robots\" content=\"index, follow, max-snippet:-1, max-image-preview:large, max-video-preview:-1\" \/>\n<link rel=\"canonical\" href=\"https:\/\/domainedelabrave.com\/fr\/reservation-payment-policies\/\" \/>\n<meta property=\"og:locale\" content=\"fr_FR\" \/>\n<meta property=\"og:type\" content=\"article\" \/>\n<meta property=\"og:title\" content=\"How to Book - Domaine de La Brave\" \/>\n<meta property=\"og:description\" content=\"Booking Steps:\u00a0 \u25cf\u00a0A\u00a030% deposit\u00a0is required at the time of booking to secure your reservation \u25cf\u00a0The remaining 70% is kindly requested no later than 7 days prior to your arrival. We will send you a reminder ahead of your stay. \u25cf To secure your stay, please make your payment by this date. Without confirmation, the reservation [&hellip;]\" \/>\n<meta property=\"og:url\" content=\"https:\/\/domainedelabrave.com\/fr\/reservation-payment-policies\/\" \/>\n<meta property=\"og:site_name\" content=\"Domaine de La Brave\" \/>\n<meta property=\"article:publisher\" content=\"https:\/\/www.facebook.com\/domainedelabrave\/\" \/>\n<meta property=\"article:modified_time\" content=\"2026-04-05T12:58:12+00:00\" \/>\n<meta name=\"twitter:card\" content=\"summary_large_image\" \/>\n<meta name=\"twitter:label1\" content=\"Dur\u00e9e de lecture estim\u00e9e\" \/>\n\t<meta name=\"twitter:data1\" content=\"1 minute\" \/>\n<script type=\"application\/ld+json\" class=\"yoast-schema-graph\">{\"@context\":\"https:\\\/\\\/schema.org\",\"@graph\":[{\"@type\":\"WebPage\",\"@id\":\"https:\\\/\\\/domainedelabrave.com\\\/fr\\\/reservation-payment-policies\\\/\",\"url\":\"https:\\\/\\\/domainedelabrave.com\\\/fr\\\/reservation-payment-policies\\\/\",\"name\":\"How to Book - Domaine de La Brave\",\"isPartOf\":{\"@id\":\"https:\\\/\\\/domainedelabrave.com\\\/#website\"},\"datePublished\":\"2023-11-28T16:56:45+00:00\",\"dateModified\":\"2026-04-05T12:58:12+00:00\",\"breadcrumb\":{\"@id\":\"https:\\\/\\\/domainedelabrave.com\\\/fr\\\/reservation-payment-policies\\\/#breadcrumb\"},\"inLanguage\":\"fr-FR\",\"potentialAction\":[{\"@type\":\"ReadAction\",\"target\":[\"https:\\\/\\\/domainedelabrave.com\\\/fr\\\/reservation-payment-policies\\\/\"]}]},{\"@type\":\"BreadcrumbList\",\"@id\":\"https:\\\/\\\/domainedelabrave.com\\\/fr\\\/reservation-payment-policies\\\/#breadcrumb\",\"itemListElement\":[{\"@type\":\"ListItem\",\"position\":1,\"name\":\"Home\",\"item\":\"https:\\\/\\\/domainedelabrave.com\\\/\"},{\"@type\":\"ListItem\",\"position\":2,\"name\":\"How to Book\"}]},{\"@type\":\"WebSite\",\"@id\":\"https:\\\/\\\/domainedelabrave.com\\\/#website\",\"url\":\"https:\\\/\\\/domainedelabrave.com\\\/\",\"name\":\"Domaine de La Brave\",\"description\":\"Bed &amp; Breakfast in Provence\",\"publisher\":{\"@id\":\"https:\\\/\\\/domainedelabrave.com\\\/#organization\"},\"potentialAction\":[{\"@type\":\"SearchAction\",\"target\":{\"@type\":\"EntryPoint\",\"urlTemplate\":\"https:\\\/\\\/domainedelabrave.com\\\/?s={search_term_string}\"},\"query-input\":{\"@type\":\"PropertyValueSpecification\",\"valueRequired\":true,\"valueName\":\"search_term_string\"}}],\"inLanguage\":\"fr-FR\"},{\"@type\":\"Organization\",\"@id\":\"https:\\\/\\\/domainedelabrave.com\\\/#organization\",\"name\":\"Domaine de La Brave\",\"url\":\"https:\\\/\\\/domainedelabrave.com\\\/\",\"logo\":{\"@type\":\"ImageObject\",\"inLanguage\":\"fr-FR\",\"@id\":\"https:\\\/\\\/domainedelabrave.com\\\/#\\\/schema\\\/logo\\\/image\\\/\",\"url\":\"https:\\\/\\\/i0.wp.com\\\/domainedelabrave.com\\\/wp-content\\\/uploads\\\/2024\\\/10\\\/cropped-LaBrave-1221-2-scaled-2.jpg?fit=512%2C512&ssl=1\",\"contentUrl\":\"https:\\\/\\\/i0.wp.com\\\/domainedelabrave.com\\\/wp-content\\\/uploads\\\/2024\\\/10\\\/cropped-LaBrave-1221-2-scaled-2.jpg?fit=512%2C512&ssl=1\",\"width\":512,\"height\":512,\"caption\":\"Domaine de La Brave\"},\"image\":{\"@id\":\"https:\\\/\\\/domainedelabrave.com\\\/#\\\/schema\\\/logo\\\/image\\\/\"},\"sameAs\":[\"https:\\\/\\\/www.facebook.com\\\/domainedelabrave\\\/\",\"https:\\\/\\\/www.instagram.com\\\/domainedelabrave\\\/\"]}]}<\/script>\n<!-- \/ Yoast SEO plugin. -->","yoast_head_json":{"title":"How to Book - Domaine de La Brave","robots":{"index":"index","follow":"follow","max-snippet":"max-snippet:-1","max-image-preview":"max-image-preview:large","max-video-preview":"max-video-preview:-1"},"canonical":"https:\/\/domainedelabrave.com\/fr\/reservation-payment-policies\/","og_locale":"fr_FR","og_type":"article","og_title":"How to Book - Domaine de La Brave","og_description":"Booking Steps:\u00a0 \u25cf\u00a0A\u00a030% deposit\u00a0is required at the time of booking to secure your reservation \u25cf\u00a0The remaining 70% is kindly requested no later than 7 days prior to your arrival. We will send you a reminder ahead of your stay. \u25cf To secure your stay, please make your payment by this date. Without confirmation, the reservation [&hellip;]","og_url":"https:\/\/domainedelabrave.com\/fr\/reservation-payment-policies\/","og_site_name":"Domaine de La Brave","article_publisher":"https:\/\/www.facebook.com\/domainedelabrave\/","article_modified_time":"2026-04-05T12:58:12+00:00","twitter_card":"summary_large_image","twitter_misc":{"Dur\u00e9e de lecture estim\u00e9e":"1 minute"},"schema":{"@context":"https:\/\/schema.org","@graph":[{"@type":"WebPage","@id":"https:\/\/domainedelabrave.com\/fr\/reservation-payment-policies\/","url":"https:\/\/domainedelabrave.com\/fr\/reservation-payment-policies\/","name":"How to Book - Domaine de La Brave","isPartOf":{"@id":"https:\/\/domainedelabrave.com\/#website"},"datePublished":"2023-11-28T16:56:45+00:00","dateModified":"2026-04-05T12:58:12+00:00","breadcrumb":{"@id":"https:\/\/domainedelabrave.com\/fr\/reservation-payment-policies\/#breadcrumb"},"inLanguage":"fr-FR","potentialAction":[{"@type":"ReadAction","target":["https:\/\/domainedelabrave.com\/fr\/reservation-payment-policies\/"]}]},{"@type":"BreadcrumbList","@id":"https:\/\/domainedelabrave.com\/fr\/reservation-payment-policies\/#breadcrumb","itemListElement":[{"@type":"ListItem","position":1,"name":"Home","item":"https:\/\/domainedelabrave.com\/"},{"@type":"ListItem","position":2,"name":"How to Book"}]},{"@type":"WebSite","@id":"https:\/\/domainedelabrave.com\/#website","url":"https:\/\/domainedelabrave.com\/","name":"Domaine de La Brave","description":"Bed &amp; Breakfast in Provence","publisher":{"@id":"https:\/\/domainedelabrave.com\/#organization"},"potentialAction":[{"@type":"SearchAction","target":{"@type":"EntryPoint","urlTemplate":"https:\/\/domainedelabrave.com\/?s={search_term_string}"},"query-input":{"@type":"PropertyValueSpecification","valueRequired":true,"valueName":"search_term_string"}}],"inLanguage":"fr-FR"},{"@type":"Organization","@id":"https:\/\/domainedelabrave.com\/#organization","name":"Domaine de La Brave","url":"https:\/\/domainedelabrave.com\/","logo":{"@type":"ImageObject","inLanguage":"fr-FR","@id":"https:\/\/domainedelabrave.com\/#\/schema\/logo\/image\/","url":"https:\/\/i0.wp.com\/domainedelabrave.com\/wp-content\/uploads\/2024\/10\/cropped-LaBrave-1221-2-scaled-2.jpg?fit=512%2C512&ssl=1","contentUrl":"https:\/\/i0.wp.com\/domainedelabrave.com\/wp-content\/uploads\/2024\/10\/cropped-LaBrave-1221-2-scaled-2.jpg?fit=512%2C512&ssl=1","width":512,"height":512,"caption":"Domaine de La Brave"},"image":{"@id":"https:\/\/domainedelabrave.com\/#\/schema\/logo\/image\/"},"sameAs":["https:\/\/www.facebook.com\/domainedelabrave\/","https:\/\/www.instagram.com\/domainedelabrave\/"]}]}},"jetpack_sharing_enabled":true,"_links":{"self":[{"href":"https:\/\/domainedelabrave.com\/fr\/wp-json\/wp\/v2\/pages\/2455","targetHints":{"allow":["GET"]}}],"collection":[{"href":"https:\/\/domainedelabrave.com\/fr\/wp-json\/wp\/v2\/pages"}],"about":[{"href":"https:\/\/domainedelabrave.com\/fr\/wp-json\/wp\/v2\/types\/page"}],"author":[{"embeddable":true,"href":"https:\/\/domainedelabrave.com\/fr\/wp-json\/wp\/v2\/users\/1"}],"replies":[{"embeddable":true,"href":"https:\/\/domainedelabrave.com\/fr\/wp-json\/wp\/v2\/comments?post=2455"}],"version-history":[{"count":41,"href":"https:\/\/domainedelabrave.com\/fr\/wp-json\/wp\/v2\/pages\/2455\/revisions"}],"predecessor-version":[{"id":4602,"href":"https:\/\/domainedelabrave.com\/fr\/wp-json\/wp\/v2\/pages\/2455\/revisions\/4602"}],"wp:attachment":[{"href":"https:\/\/domainedelabrave.com\/fr\/wp-json\/wp\/v2\/media?parent=2455"}],"curies":[{"name":"wp","href":"https:\/\/api.w.org\/{rel}","templated":true}]}}