{"id":5,"date":"2021-10-22T14:19:52","date_gmt":"2021-10-22T14:19:52","guid":{"rendered":"https:\/\/domainedelabrave.com\/?page_id=5"},"modified":"2026-04-05T15:28:40","modified_gmt":"2026-04-05T13:28:40","slug":"home","status":"publish","type":"page","link":"https:\/\/domainedelabrave.com\/fr\/","title":{"rendered":"LE DOMAINE"},"content":{"rendered":"<div data-elementor-type=\"wp-page\" data-elementor-id=\"5\" class=\"elementor elementor-5\" data-elementor-post-type=\"page\">\n\t\t\t\t\t\t<section class=\"elementor-section elementor-top-section elementor-element elementor-element-09a6286 elementor-section-boxed elementor-section-height-default elementor-section-height-default\" data-id=\"09a6286\" data-element_type=\"section\" data-e-type=\"section\">\n\t\t\t\t\t\t<div class=\"elementor-container elementor-column-gap-default\">\n\t\t\t\t\t<div class=\"elementor-column elementor-col-100 elementor-top-column elementor-element elementor-element-acd5f88\" data-id=\"acd5f88\" data-element_type=\"column\" data-e-type=\"column\">\n\t\t\t<div class=\"elementor-widget-wrap elementor-element-populated\">\n\t\t\t\t\t\t<div class=\"elementor-element elementor-element-b30daf1 elementor-widget elementor-widget-text-editor\" data-id=\"b30daf1\" data-element_type=\"widget\" data-e-type=\"widget\" data-widget_type=\"text-editor.default\">\n\t\t\t\t<div class=\"elementor-widget-container\">\n\t\t\t\t\t\t\t\t\t<p><img fetchpriority=\"high\" decoding=\"async\" data-recalc-dims=\"1\" class=\"aligncenter wp-image-1652 size-full\" src=\"https:\/\/i0.wp.com\/domainedelabrave.com\/wp-content\/uploads\/2022\/12\/9088E9CA-1D40-4894-8835-D9FFE1C8491C.jpeg?resize=1920%2C1280&#038;ssl=1\" alt=\"\" width=\"1920\" height=\"1280\" \/><\/p><p><span style=\"color: #333333; font-family: tahoma, arial, helvetica, sans-serif; font-size: 12pt;\"><em>Bienvenue au Domaine de la Brave, un havre de paix nich\u00e9 au c\u0153ur des vignobles et de la nature, offrant confort, charme authentique et vues imprenables.<\/em><\/span><\/p><p><span style=\"font-family: tahoma, arial, helvetica, sans-serif; font-size: 12pt; color: #333333;\">Offrant une vue imprenable sur le mont Ventoux et les Dentelles de Montmirail depuis la piscine ext\u00e9rieure, le Domaine de La Brave est une maison d\u2019h\u00f4tes de style proven\u00e7al, situ\u00e9e \u00e0 10 minutes \u00e0 pied du charmant village de Saint-Didier, \u00e0 3 km du centre de Pernes-les-Fontaines et \u00e0 34 km d\u2019Avignon. Le Wi-Fi et le parking sont gratuits sur place.<\/span><\/p><p><span style=\"color: #333333; font-family: tahoma, arial, helvetica, sans-serif; font-size: 12pt;\">Toutes les suites de ce B&amp;B sont \u00e9quip\u00e9es de la climatisation, de moustiquaires et d\u2019une salle de bains privative avec baignoire sur pieds ou douche \u00e0 l\u2019italienne. Une machine \u00e0 caf\u00e9 et une bouilloire sont fournies dans chaque chambre. Une salle \u00e0 manger commune, avec r\u00e9frig\u00e9rateur et vaisselle essentielle, est mise \u00e0 disposition des clients du domaine.<\/span><\/p><p><span style=\"font-family: tahoma, arial, helvetica, sans-serif; font-size: 12pt; color: #333333;\">Chaque matin, le petit-d\u00e9jeuner, pr\u00e9par\u00e9 avec des ingr\u00e9dients frais et locaux, est servi dans notre magnifique jardin, entour\u00e9 du charme du domaine.<\/span><\/p><p><span style=\"color: #333333; font-family: tahoma, arial, helvetica, sans-serif; font-size: 12pt;\">Gordes et l\u2019abbaye de S\u00e9nanque se trouvent \u00e0 20 km du Domaine de La Brave, tandis que L\u2019Isle-sur-la-Sorgue est \u00e0 16 km. La gare TGV d\u2019Avignon se situe \u00e0 36 km et l\u2019a\u00e9roport international de Marseille-Provence, le plus proche, est \u00e0 74 km de l\u2019\u00e9tablissement.<\/span><\/p>\t\t\t\t\t\t\t\t<\/div>\n\t\t\t\t<\/div>\n\t\t\t\t\t<\/div>\n\t\t<\/div>\n\t\t\t\t\t<\/div>\n\t\t<\/section>\n\t\t\t\t<\/div>","protected":false},"excerpt":{"rendered":"<p>Welcome to Domaine de la Brave, a peaceful retreat nestled among vinyards and nature, offering comfort, authentic charm, and stunning views. Featuring breathtaking views of Mont Ventoux and the Dentelles de Montmirail from the outdoor swimming pool, Domaine de La Brave is a Proven\u00e7al-style B&amp;B located a 10-minute walk from the charming village of Saint-Didier, [&hellip;]<\/p>\n","protected":false},"author":1,"featured_media":0,"parent":0,"menu_order":0,"comment_status":"closed","ping_status":"closed","template":"elementor_theme","meta":{"nf_dc_page":"","om_disable_all_campaigns":false,"_monsterinsights_skip_tracking":false,"_monsterinsights_sitenote_active":false,"_monsterinsights_sitenote_note":"","_monsterinsights_sitenote_category":0,"_uf_show_specific_survey":0,"_uf_disable_surveys":false,"footnotes":""},"class_list":["post-5","page","type-page","status-publish","hentry"],"yoast_head":"<!-- This site is optimized with the Yoast SEO plugin v27.3 - https:\/\/yoast.com\/product\/yoast-seo-wordpress\/ -->\n<title>THE DOMAINE - Domaine de La Brave<\/title>\n<meta name=\"description\" content=\"Domaine de La Brave, La Brave, Domainedelabrave, DomaineLaBrave\" \/>\n<meta name=\"robots\" content=\"index, follow, max-snippet:-1, max-image-preview:large, max-video-preview:-1\" \/>\n<link rel=\"canonical\" href=\"https:\/\/domainedelabrave.com\/fr\/\" \/>\n<meta property=\"og:locale\" content=\"fr_FR\" \/>\n<meta property=\"og:type\" content=\"article\" \/>\n<meta property=\"og:title\" content=\"THE DOMAINE - Domaine de La Brave\" \/>\n<meta property=\"og:description\" content=\"Domaine de La Brave, La Brave, Domainedelabrave, DomaineLaBrave\" \/>\n<meta property=\"og:url\" content=\"https:\/\/domainedelabrave.com\/fr\/\" \/>\n<meta property=\"og:site_name\" content=\"Domaine de La Brave\" \/>\n<meta property=\"article:publisher\" content=\"https:\/\/www.facebook.com\/domainedelabrave\/\" \/>\n<meta property=\"article:modified_time\" content=\"2026-04-05T13:28:40+00:00\" \/>\n<meta property=\"og:image\" content=\"https:\/\/domainedelabrave.com\/wp-content\/uploads\/2022\/12\/9088E9CA-1D40-4894-8835-D9FFE1C8491C.jpeg\" \/>\n<meta name=\"twitter:card\" content=\"summary_large_image\" \/>\n<meta name=\"twitter:label1\" content=\"Dur\u00e9e de lecture estim\u00e9e\" \/>\n\t<meta name=\"twitter:data1\" content=\"1 minute\" \/>\n<script type=\"application\/ld+json\" class=\"yoast-schema-graph\">{\"@context\":\"https:\\\/\\\/schema.org\",\"@graph\":[{\"@type\":\"WebPage\",\"@id\":\"https:\\\/\\\/domainedelabrave.com\\\/\",\"url\":\"https:\\\/\\\/domainedelabrave.com\\\/\",\"name\":\"THE DOMAINE - Domaine de La Brave\",\"isPartOf\":{\"@id\":\"https:\\\/\\\/domainedelabrave.com\\\/#website\"},\"primaryImageOfPage\":{\"@id\":\"https:\\\/\\\/domainedelabrave.com\\\/#primaryimage\"},\"image\":{\"@id\":\"https:\\\/\\\/domainedelabrave.com\\\/#primaryimage\"},\"thumbnailUrl\":\"https:\\\/\\\/domainedelabrave.com\\\/wp-content\\\/uploads\\\/2022\\\/12\\\/9088E9CA-1D40-4894-8835-D9FFE1C8491C.jpeg\",\"datePublished\":\"2021-10-22T14:19:52+00:00\",\"dateModified\":\"2026-04-05T13:28:40+00:00\",\"description\":\"Domaine de La Brave, La Brave, Domainedelabrave, DomaineLaBrave\",\"breadcrumb\":{\"@id\":\"https:\\\/\\\/domainedelabrave.com\\\/#breadcrumb\"},\"inLanguage\":\"fr-FR\",\"potentialAction\":[{\"@type\":\"ReadAction\",\"target\":[\"https:\\\/\\\/domainedelabrave.com\\\/\"]}]},{\"@type\":\"ImageObject\",\"inLanguage\":\"fr-FR\",\"@id\":\"https:\\\/\\\/domainedelabrave.com\\\/#primaryimage\",\"url\":\"https:\\\/\\\/domainedelabrave.com\\\/wp-content\\\/uploads\\\/2022\\\/12\\\/9088E9CA-1D40-4894-8835-D9FFE1C8491C.jpeg\",\"contentUrl\":\"https:\\\/\\\/domainedelabrave.com\\\/wp-content\\\/uploads\\\/2022\\\/12\\\/9088E9CA-1D40-4894-8835-D9FFE1C8491C.jpeg\"},{\"@type\":\"BreadcrumbList\",\"@id\":\"https:\\\/\\\/domainedelabrave.com\\\/#breadcrumb\",\"itemListElement\":[{\"@type\":\"ListItem\",\"position\":1,\"name\":\"Home\",\"item\":\"https:\\\/\\\/domainedelabrave.com\\\/\"},{\"@type\":\"ListItem\",\"position\":2,\"name\":\"THE DOMAINE\"}]},{\"@type\":\"WebSite\",\"@id\":\"https:\\\/\\\/domainedelabrave.com\\\/#website\",\"url\":\"https:\\\/\\\/domainedelabrave.com\\\/\",\"name\":\"Domaine de La Brave\",\"description\":\"Bed &amp; Breakfast in Provence\",\"publisher\":{\"@id\":\"https:\\\/\\\/domainedelabrave.com\\\/#organization\"},\"potentialAction\":[{\"@type\":\"SearchAction\",\"target\":{\"@type\":\"EntryPoint\",\"urlTemplate\":\"https:\\\/\\\/domainedelabrave.com\\\/?s={search_term_string}\"},\"query-input\":{\"@type\":\"PropertyValueSpecification\",\"valueRequired\":true,\"valueName\":\"search_term_string\"}}],\"inLanguage\":\"fr-FR\"},{\"@type\":\"Organization\",\"@id\":\"https:\\\/\\\/domainedelabrave.com\\\/#organization\",\"name\":\"Domaine de La Brave\",\"url\":\"https:\\\/\\\/domainedelabrave.com\\\/\",\"logo\":{\"@type\":\"ImageObject\",\"inLanguage\":\"fr-FR\",\"@id\":\"https:\\\/\\\/domainedelabrave.com\\\/#\\\/schema\\\/logo\\\/image\\\/\",\"url\":\"https:\\\/\\\/i0.wp.com\\\/domainedelabrave.com\\\/wp-content\\\/uploads\\\/2024\\\/10\\\/cropped-LaBrave-1221-2-scaled-2.jpg?fit=512%2C512&ssl=1\",\"contentUrl\":\"https:\\\/\\\/i0.wp.com\\\/domainedelabrave.com\\\/wp-content\\\/uploads\\\/2024\\\/10\\\/cropped-LaBrave-1221-2-scaled-2.jpg?fit=512%2C512&ssl=1\",\"width\":512,\"height\":512,\"caption\":\"Domaine de La Brave\"},\"image\":{\"@id\":\"https:\\\/\\\/domainedelabrave.com\\\/#\\\/schema\\\/logo\\\/image\\\/\"},\"sameAs\":[\"https:\\\/\\\/www.facebook.com\\\/domainedelabrave\\\/\",\"https:\\\/\\\/www.instagram.com\\\/domainedelabrave\\\/\"]}]}<\/script>\n<!-- \/ Yoast SEO plugin. -->","yoast_head_json":{"title":"THE DOMAINE - Domaine de La Brave","description":"Domaine de La Brave, La Brave, Domainedelabrave, DomaineLaBrave","robots":{"index":"index","follow":"follow","max-snippet":"max-snippet:-1","max-image-preview":"max-image-preview:large","max-video-preview":"max-video-preview:-1"},"canonical":"https:\/\/domainedelabrave.com\/fr\/","og_locale":"fr_FR","og_type":"article","og_title":"THE DOMAINE - Domaine de La Brave","og_description":"Domaine de La Brave, La Brave, Domainedelabrave, DomaineLaBrave","og_url":"https:\/\/domainedelabrave.com\/fr\/","og_site_name":"Domaine de La Brave","article_publisher":"https:\/\/www.facebook.com\/domainedelabrave\/","article_modified_time":"2026-04-05T13:28:40+00:00","og_image":[{"url":"https:\/\/domainedelabrave.com\/wp-content\/uploads\/2022\/12\/9088E9CA-1D40-4894-8835-D9FFE1C8491C.jpeg","type":"","width":"","height":""}],"twitter_card":"summary_large_image","twitter_misc":{"Dur\u00e9e de lecture estim\u00e9e":"1 minute"},"schema":{"@context":"https:\/\/schema.org","@graph":[{"@type":"WebPage","@id":"https:\/\/domainedelabrave.com\/","url":"https:\/\/domainedelabrave.com\/","name":"THE DOMAINE - Domaine de La Brave","isPartOf":{"@id":"https:\/\/domainedelabrave.com\/#website"},"primaryImageOfPage":{"@id":"https:\/\/domainedelabrave.com\/#primaryimage"},"image":{"@id":"https:\/\/domainedelabrave.com\/#primaryimage"},"thumbnailUrl":"https:\/\/domainedelabrave.com\/wp-content\/uploads\/2022\/12\/9088E9CA-1D40-4894-8835-D9FFE1C8491C.jpeg","datePublished":"2021-10-22T14:19:52+00:00","dateModified":"2026-04-05T13:28:40+00:00","description":"Domaine de La Brave, La Brave, Domainedelabrave, DomaineLaBrave","breadcrumb":{"@id":"https:\/\/domainedelabrave.com\/#breadcrumb"},"inLanguage":"fr-FR","potentialAction":[{"@type":"ReadAction","target":["https:\/\/domainedelabrave.com\/"]}]},{"@type":"ImageObject","inLanguage":"fr-FR","@id":"https:\/\/domainedelabrave.com\/#primaryimage","url":"https:\/\/domainedelabrave.com\/wp-content\/uploads\/2022\/12\/9088E9CA-1D40-4894-8835-D9FFE1C8491C.jpeg","contentUrl":"https:\/\/domainedelabrave.com\/wp-content\/uploads\/2022\/12\/9088E9CA-1D40-4894-8835-D9FFE1C8491C.jpeg"},{"@type":"BreadcrumbList","@id":"https:\/\/domainedelabrave.com\/#breadcrumb","itemListElement":[{"@type":"ListItem","position":1,"name":"Home","item":"https:\/\/domainedelabrave.com\/"},{"@type":"ListItem","position":2,"name":"THE DOMAINE"}]},{"@type":"WebSite","@id":"https:\/\/domainedelabrave.com\/#website","url":"https:\/\/domainedelabrave.com\/","name":"Domaine de La Brave","description":"Bed &amp; Breakfast in Provence","publisher":{"@id":"https:\/\/domainedelabrave.com\/#organization"},"potentialAction":[{"@type":"SearchAction","target":{"@type":"EntryPoint","urlTemplate":"https:\/\/domainedelabrave.com\/?s={search_term_string}"},"query-input":{"@type":"PropertyValueSpecification","valueRequired":true,"valueName":"search_term_string"}}],"inLanguage":"fr-FR"},{"@type":"Organization","@id":"https:\/\/domainedelabrave.com\/#organization","name":"Domaine de La Brave","url":"https:\/\/domainedelabrave.com\/","logo":{"@type":"ImageObject","inLanguage":"fr-FR","@id":"https:\/\/domainedelabrave.com\/#\/schema\/logo\/image\/","url":"https:\/\/i0.wp.com\/domainedelabrave.com\/wp-content\/uploads\/2024\/10\/cropped-LaBrave-1221-2-scaled-2.jpg?fit=512%2C512&ssl=1","contentUrl":"https:\/\/i0.wp.com\/domainedelabrave.com\/wp-content\/uploads\/2024\/10\/cropped-LaBrave-1221-2-scaled-2.jpg?fit=512%2C512&ssl=1","width":512,"height":512,"caption":"Domaine de La Brave"},"image":{"@id":"https:\/\/domainedelabrave.com\/#\/schema\/logo\/image\/"},"sameAs":["https:\/\/www.facebook.com\/domainedelabrave\/","https:\/\/www.instagram.com\/domainedelabrave\/"]}]}},"jetpack_sharing_enabled":true,"_links":{"self":[{"href":"https:\/\/domainedelabrave.com\/fr\/wp-json\/wp\/v2\/pages\/5","targetHints":{"allow":["GET"]}}],"collection":[{"href":"https:\/\/domainedelabrave.com\/fr\/wp-json\/wp\/v2\/pages"}],"about":[{"href":"https:\/\/domainedelabrave.com\/fr\/wp-json\/wp\/v2\/types\/page"}],"author":[{"embeddable":true,"href":"https:\/\/domainedelabrave.com\/fr\/wp-json\/wp\/v2\/users\/1"}],"replies":[{"embeddable":true,"href":"https:\/\/domainedelabrave.com\/fr\/wp-json\/wp\/v2\/comments?post=5"}],"version-history":[{"count":35,"href":"https:\/\/domainedelabrave.com\/fr\/wp-json\/wp\/v2\/pages\/5\/revisions"}],"predecessor-version":[{"id":4618,"href":"https:\/\/domainedelabrave.com\/fr\/wp-json\/wp\/v2\/pages\/5\/revisions\/4618"}],"wp:attachment":[{"href":"https:\/\/domainedelabrave.com\/fr\/wp-json\/wp\/v2\/media?parent=5"}],"curies":[{"name":"wp","href":"https:\/\/api.w.org\/{rel}","templated":true}]}}