{"id":566,"date":"2022-08-09T22:51:33","date_gmt":"2022-08-09T20:51:33","guid":{"rendered":"https:\/\/domainedelabrave.com\/?page_id=566"},"modified":"2026-04-05T13:21:27","modified_gmt":"2026-04-05T11:21:27","slug":"kitchen","status":"publish","type":"page","link":"https:\/\/domainedelabrave.com\/fr\/facilities-services\/kitchen\/","title":{"rendered":"Cuisine commune"},"content":{"rendered":"<div data-elementor-type=\"wp-page\" data-elementor-id=\"566\" class=\"elementor elementor-566\" data-elementor-post-type=\"page\">\n\t\t\t\t\t\t<section class=\"elementor-section elementor-top-section elementor-element elementor-element-0ec7f93 elementor-section-boxed elementor-section-height-default elementor-section-height-default\" data-id=\"0ec7f93\" data-element_type=\"section\" data-e-type=\"section\">\n\t\t\t\t\t\t<div class=\"elementor-container elementor-column-gap-default\">\n\t\t\t\t\t<div class=\"elementor-column elementor-col-100 elementor-top-column elementor-element elementor-element-408bbda\" data-id=\"408bbda\" data-element_type=\"column\" data-e-type=\"column\">\n\t\t\t<div class=\"elementor-widget-wrap elementor-element-populated\">\n\t\t\t\t\t\t<div class=\"elementor-element elementor-element-5778b1a elementor-widget elementor-widget-text-editor\" data-id=\"5778b1a\" data-element_type=\"widget\" data-e-type=\"widget\" data-widget_type=\"text-editor.default\">\n\t\t\t\t<div class=\"elementor-widget-container\">\n\t\t\t\t\t\t\t\t\t<p data-start=\"74\" data-end=\"230\"><span style=\"color: #333333; font-family: tahoma, arial, helvetica, sans-serif; font-size: 12pt;\">Notre \u00e9tablissement met \u00e0 disposition une cuisine enti\u00e8rement \u00e9quip\u00e9e, accessible aux clients. Il s\u2019agit d\u2019une cuisine partag\u00e9e comprenant une table \u00e0 manger pour profiter confortablement de vos repas.<\/span><\/p><p data-start=\"232\" data-end=\"417\"><span style=\"color: #333333; font-family: tahoma, arial, helvetica, sans-serif; font-size: 12pt;\">Pour votre confort, vous y trouverez \u00e9galement un r\u00e9frig\u00e9rateur avec cong\u00e9lateur, une machine \u00e0 caf\u00e9, une bouilloire \u00e9lectrique, une cuisini\u00e8re ainsi qu\u2019un micro-ondes, vous permettant de pr\u00e9parer ou de r\u00e9chauffer vos plats pendant votre s\u00e9jour.<\/span><\/p>\t\t\t\t\t\t\t\t<\/div>\n\t\t\t\t<\/div>\n\t\t\t\t\t<\/div>\n\t\t<\/div>\n\t\t\t\t\t<\/div>\n\t\t<\/section>\n\t\t\t\t<section class=\"elementor-section elementor-top-section elementor-element elementor-element-8789be7 elementor-section-boxed elementor-section-height-default elementor-section-height-default\" data-id=\"8789be7\" data-element_type=\"section\" data-e-type=\"section\">\n\t\t\t\t\t\t<div class=\"elementor-container elementor-column-gap-default\">\n\t\t\t\t\t<div class=\"elementor-column elementor-col-100 elementor-top-column elementor-element elementor-element-5ee9c45\" data-id=\"5ee9c45\" data-element_type=\"column\" data-e-type=\"column\">\n\t\t\t<div class=\"elementor-widget-wrap elementor-element-populated\">\n\t\t\t\t\t\t<div class=\"elementor-element elementor-element-3b9b14e elementor-widget elementor-widget-image\" data-id=\"3b9b14e\" data-element_type=\"widget\" data-e-type=\"widget\" data-widget_type=\"image.default\">\n\t\t\t\t<div class=\"elementor-widget-container\">\n\t\t\t\t\t\t\t\t\t\t\t\t\t\t\t<img fetchpriority=\"high\" decoding=\"async\" width=\"1024\" height=\"1024\" src=\"https:\/\/i0.wp.com\/domainedelabrave.com\/wp-content\/uploads\/2024\/02\/Kitchen_1-scaled.webp?fit=1024%2C1024&amp;ssl=1\" class=\"attachment-large size-large wp-image-2595\" alt=\"\" srcset=\"https:\/\/i0.wp.com\/domainedelabrave.com\/wp-content\/uploads\/2024\/02\/Kitchen_1-scaled.webp?w=1920&amp;ssl=1 1920w, https:\/\/i0.wp.com\/domainedelabrave.com\/wp-content\/uploads\/2024\/02\/Kitchen_1-scaled.webp?resize=300%2C300&amp;ssl=1 300w, https:\/\/i0.wp.com\/domainedelabrave.com\/wp-content\/uploads\/2024\/02\/Kitchen_1-scaled.webp?resize=1024%2C1024&amp;ssl=1 1024w, https:\/\/i0.wp.com\/domainedelabrave.com\/wp-content\/uploads\/2024\/02\/Kitchen_1-scaled.webp?resize=150%2C150&amp;ssl=1 150w, https:\/\/i0.wp.com\/domainedelabrave.com\/wp-content\/uploads\/2024\/02\/Kitchen_1-scaled.webp?resize=768%2C768&amp;ssl=1 768w, https:\/\/i0.wp.com\/domainedelabrave.com\/wp-content\/uploads\/2024\/02\/Kitchen_1-scaled.webp?resize=1536%2C1536&amp;ssl=1 1536w, https:\/\/i0.wp.com\/domainedelabrave.com\/wp-content\/uploads\/2024\/02\/Kitchen_1-scaled.webp?resize=12%2C12&amp;ssl=1 12w\" sizes=\"(max-width: 1000px) 100vw, 1000px\" \/>\t\t\t\t\t\t\t\t\t\t\t\t\t\t\t<\/div>\n\t\t\t\t<\/div>\n\t\t\t\t\t<\/div>\n\t\t<\/div>\n\t\t\t\t\t<\/div>\n\t\t<\/section>\n\t\t\t\t<\/div>","protected":false},"excerpt":{"rendered":"<p>Our property offers a fully equipped kitchen including stove, a refrigerator and freezer available for guest use. The shared kitchen includes a dining table where you can comfortably enjoy your meals. For your convenience, you will also find a refrigerator and freezer, a coffee machine, an electric kettle, and a microwave, making it easy to [&hellip;]<\/p>\n","protected":false},"author":1,"featured_media":0,"parent":572,"menu_order":0,"comment_status":"closed","ping_status":"closed","template":"","meta":{"nf_dc_page":"","om_disable_all_campaigns":false,"_monsterinsights_skip_tracking":false,"_monsterinsights_sitenote_active":false,"_monsterinsights_sitenote_note":"","_monsterinsights_sitenote_category":0,"_uf_show_specific_survey":0,"_uf_disable_surveys":false,"footnotes":""},"class_list":["post-566","page","type-page","status-publish","hentry"],"yoast_head":"<!-- This site is optimized with the Yoast SEO plugin v27.3 - https:\/\/yoast.com\/product\/yoast-seo-wordpress\/ -->\n<title>Communal Kitchen - Domaine de La Brave<\/title>\n<meta name=\"robots\" content=\"index, follow, max-snippet:-1, max-image-preview:large, max-video-preview:-1\" \/>\n<link rel=\"canonical\" href=\"https:\/\/domainedelabrave.com\/fr\/facilities-services\/kitchen\/\" \/>\n<meta property=\"og:locale\" content=\"fr_FR\" \/>\n<meta property=\"og:type\" content=\"article\" \/>\n<meta property=\"og:title\" content=\"Communal Kitchen - Domaine de La Brave\" \/>\n<meta property=\"og:description\" content=\"Our property offers a fully equipped kitchen including stove, a refrigerator and freezer available for guest use. The shared kitchen includes a dining table where you can comfortably enjoy your meals. For your convenience, you will also find a refrigerator and freezer, a coffee machine, an electric kettle, and a microwave, making it easy to [&hellip;]\" \/>\n<meta property=\"og:url\" content=\"https:\/\/domainedelabrave.com\/fr\/facilities-services\/kitchen\/\" \/>\n<meta property=\"og:site_name\" content=\"Domaine de La Brave\" \/>\n<meta property=\"article:publisher\" content=\"https:\/\/www.facebook.com\/domainedelabrave\/\" \/>\n<meta property=\"article:modified_time\" content=\"2026-04-05T11:21:27+00:00\" \/>\n<meta name=\"twitter:card\" content=\"summary_large_image\" \/>\n<meta name=\"twitter:label1\" content=\"Dur\u00e9e de lecture estim\u00e9e\" \/>\n\t<meta name=\"twitter:data1\" content=\"1 minute\" \/>\n<script type=\"application\/ld+json\" class=\"yoast-schema-graph\">{\"@context\":\"https:\\\/\\\/schema.org\",\"@graph\":[{\"@type\":\"WebPage\",\"@id\":\"https:\\\/\\\/domainedelabrave.com\\\/facilities-services\\\/kitchen\\\/\",\"url\":\"https:\\\/\\\/domainedelabrave.com\\\/facilities-services\\\/kitchen\\\/\",\"name\":\"Communal Kitchen - Domaine de La Brave\",\"isPartOf\":{\"@id\":\"https:\\\/\\\/domainedelabrave.com\\\/#website\"},\"primaryImageOfPage\":{\"@id\":\"https:\\\/\\\/domainedelabrave.com\\\/facilities-services\\\/kitchen\\\/#primaryimage\"},\"image\":{\"@id\":\"https:\\\/\\\/domainedelabrave.com\\\/facilities-services\\\/kitchen\\\/#primaryimage\"},\"thumbnailUrl\":\"https:\\\/\\\/domainedelabrave.com\\\/wp-content\\\/uploads\\\/2024\\\/02\\\/Kitchen_1-1024x1024.webp?wsr\",\"datePublished\":\"2022-08-09T20:51:33+00:00\",\"dateModified\":\"2026-04-05T11:21:27+00:00\",\"breadcrumb\":{\"@id\":\"https:\\\/\\\/domainedelabrave.com\\\/facilities-services\\\/kitchen\\\/#breadcrumb\"},\"inLanguage\":\"fr-FR\",\"potentialAction\":[{\"@type\":\"ReadAction\",\"target\":[\"https:\\\/\\\/domainedelabrave.com\\\/facilities-services\\\/kitchen\\\/\"]}]},{\"@type\":\"ImageObject\",\"inLanguage\":\"fr-FR\",\"@id\":\"https:\\\/\\\/domainedelabrave.com\\\/facilities-services\\\/kitchen\\\/#primaryimage\",\"url\":\"https:\\\/\\\/domainedelabrave.com\\\/wp-content\\\/uploads\\\/2024\\\/02\\\/Kitchen_1-1024x1024.webp?wsr\",\"contentUrl\":\"https:\\\/\\\/domainedelabrave.com\\\/wp-content\\\/uploads\\\/2024\\\/02\\\/Kitchen_1-1024x1024.webp?wsr\"},{\"@type\":\"BreadcrumbList\",\"@id\":\"https:\\\/\\\/domainedelabrave.com\\\/facilities-services\\\/kitchen\\\/#breadcrumb\",\"itemListElement\":[{\"@type\":\"ListItem\",\"position\":1,\"name\":\"Home\",\"item\":\"https:\\\/\\\/domainedelabrave.com\\\/\"},{\"@type\":\"ListItem\",\"position\":2,\"name\":\"FACILITIES &#038; SERVICES\",\"item\":\"https:\\\/\\\/domainedelabrave.com\\\/facilities-services\\\/\"},{\"@type\":\"ListItem\",\"position\":3,\"name\":\"Communal Kitchen\"}]},{\"@type\":\"WebSite\",\"@id\":\"https:\\\/\\\/domainedelabrave.com\\\/#website\",\"url\":\"https:\\\/\\\/domainedelabrave.com\\\/\",\"name\":\"Domaine de La Brave\",\"description\":\"Bed &amp; Breakfast in Provence\",\"publisher\":{\"@id\":\"https:\\\/\\\/domainedelabrave.com\\\/#organization\"},\"potentialAction\":[{\"@type\":\"SearchAction\",\"target\":{\"@type\":\"EntryPoint\",\"urlTemplate\":\"https:\\\/\\\/domainedelabrave.com\\\/?s={search_term_string}\"},\"query-input\":{\"@type\":\"PropertyValueSpecification\",\"valueRequired\":true,\"valueName\":\"search_term_string\"}}],\"inLanguage\":\"fr-FR\"},{\"@type\":\"Organization\",\"@id\":\"https:\\\/\\\/domainedelabrave.com\\\/#organization\",\"name\":\"Domaine de La Brave\",\"url\":\"https:\\\/\\\/domainedelabrave.com\\\/\",\"logo\":{\"@type\":\"ImageObject\",\"inLanguage\":\"fr-FR\",\"@id\":\"https:\\\/\\\/domainedelabrave.com\\\/#\\\/schema\\\/logo\\\/image\\\/\",\"url\":\"https:\\\/\\\/i0.wp.com\\\/domainedelabrave.com\\\/wp-content\\\/uploads\\\/2024\\\/10\\\/cropped-LaBrave-1221-2-scaled-2.jpg?fit=512%2C512&ssl=1\",\"contentUrl\":\"https:\\\/\\\/i0.wp.com\\\/domainedelabrave.com\\\/wp-content\\\/uploads\\\/2024\\\/10\\\/cropped-LaBrave-1221-2-scaled-2.jpg?fit=512%2C512&ssl=1\",\"width\":512,\"height\":512,\"caption\":\"Domaine de La Brave\"},\"image\":{\"@id\":\"https:\\\/\\\/domainedelabrave.com\\\/#\\\/schema\\\/logo\\\/image\\\/\"},\"sameAs\":[\"https:\\\/\\\/www.facebook.com\\\/domainedelabrave\\\/\",\"https:\\\/\\\/www.instagram.com\\\/domainedelabrave\\\/\"]}]}<\/script>\n<!-- \/ Yoast SEO plugin. -->","yoast_head_json":{"title":"Communal Kitchen - Domaine de La Brave","robots":{"index":"index","follow":"follow","max-snippet":"max-snippet:-1","max-image-preview":"max-image-preview:large","max-video-preview":"max-video-preview:-1"},"canonical":"https:\/\/domainedelabrave.com\/fr\/facilities-services\/kitchen\/","og_locale":"fr_FR","og_type":"article","og_title":"Communal Kitchen - Domaine de La Brave","og_description":"Our property offers a fully equipped kitchen including stove, a refrigerator and freezer available for guest use. The shared kitchen includes a dining table where you can comfortably enjoy your meals. For your convenience, you will also find a refrigerator and freezer, a coffee machine, an electric kettle, and a microwave, making it easy to [&hellip;]","og_url":"https:\/\/domainedelabrave.com\/fr\/facilities-services\/kitchen\/","og_site_name":"Domaine de La Brave","article_publisher":"https:\/\/www.facebook.com\/domainedelabrave\/","article_modified_time":"2026-04-05T11:21:27+00:00","twitter_card":"summary_large_image","twitter_misc":{"Dur\u00e9e de lecture estim\u00e9e":"1 minute"},"schema":{"@context":"https:\/\/schema.org","@graph":[{"@type":"WebPage","@id":"https:\/\/domainedelabrave.com\/facilities-services\/kitchen\/","url":"https:\/\/domainedelabrave.com\/facilities-services\/kitchen\/","name":"Communal Kitchen - Domaine de La Brave","isPartOf":{"@id":"https:\/\/domainedelabrave.com\/#website"},"primaryImageOfPage":{"@id":"https:\/\/domainedelabrave.com\/facilities-services\/kitchen\/#primaryimage"},"image":{"@id":"https:\/\/domainedelabrave.com\/facilities-services\/kitchen\/#primaryimage"},"thumbnailUrl":"https:\/\/domainedelabrave.com\/wp-content\/uploads\/2024\/02\/Kitchen_1-1024x1024.webp?wsr","datePublished":"2022-08-09T20:51:33+00:00","dateModified":"2026-04-05T11:21:27+00:00","breadcrumb":{"@id":"https:\/\/domainedelabrave.com\/facilities-services\/kitchen\/#breadcrumb"},"inLanguage":"fr-FR","potentialAction":[{"@type":"ReadAction","target":["https:\/\/domainedelabrave.com\/facilities-services\/kitchen\/"]}]},{"@type":"ImageObject","inLanguage":"fr-FR","@id":"https:\/\/domainedelabrave.com\/facilities-services\/kitchen\/#primaryimage","url":"https:\/\/domainedelabrave.com\/wp-content\/uploads\/2024\/02\/Kitchen_1-1024x1024.webp?wsr","contentUrl":"https:\/\/domainedelabrave.com\/wp-content\/uploads\/2024\/02\/Kitchen_1-1024x1024.webp?wsr"},{"@type":"BreadcrumbList","@id":"https:\/\/domainedelabrave.com\/facilities-services\/kitchen\/#breadcrumb","itemListElement":[{"@type":"ListItem","position":1,"name":"Home","item":"https:\/\/domainedelabrave.com\/"},{"@type":"ListItem","position":2,"name":"FACILITIES &#038; SERVICES","item":"https:\/\/domainedelabrave.com\/facilities-services\/"},{"@type":"ListItem","position":3,"name":"Communal Kitchen"}]},{"@type":"WebSite","@id":"https:\/\/domainedelabrave.com\/#website","url":"https:\/\/domainedelabrave.com\/","name":"Domaine de La Brave","description":"Bed &amp; Breakfast in Provence","publisher":{"@id":"https:\/\/domainedelabrave.com\/#organization"},"potentialAction":[{"@type":"SearchAction","target":{"@type":"EntryPoint","urlTemplate":"https:\/\/domainedelabrave.com\/?s={search_term_string}"},"query-input":{"@type":"PropertyValueSpecification","valueRequired":true,"valueName":"search_term_string"}}],"inLanguage":"fr-FR"},{"@type":"Organization","@id":"https:\/\/domainedelabrave.com\/#organization","name":"Domaine de La Brave","url":"https:\/\/domainedelabrave.com\/","logo":{"@type":"ImageObject","inLanguage":"fr-FR","@id":"https:\/\/domainedelabrave.com\/#\/schema\/logo\/image\/","url":"https:\/\/i0.wp.com\/domainedelabrave.com\/wp-content\/uploads\/2024\/10\/cropped-LaBrave-1221-2-scaled-2.jpg?fit=512%2C512&ssl=1","contentUrl":"https:\/\/i0.wp.com\/domainedelabrave.com\/wp-content\/uploads\/2024\/10\/cropped-LaBrave-1221-2-scaled-2.jpg?fit=512%2C512&ssl=1","width":512,"height":512,"caption":"Domaine de La Brave"},"image":{"@id":"https:\/\/domainedelabrave.com\/#\/schema\/logo\/image\/"},"sameAs":["https:\/\/www.facebook.com\/domainedelabrave\/","https:\/\/www.instagram.com\/domainedelabrave\/"]}]}},"jetpack_sharing_enabled":true,"_links":{"self":[{"href":"https:\/\/domainedelabrave.com\/fr\/wp-json\/wp\/v2\/pages\/566","targetHints":{"allow":["GET"]}}],"collection":[{"href":"https:\/\/domainedelabrave.com\/fr\/wp-json\/wp\/v2\/pages"}],"about":[{"href":"https:\/\/domainedelabrave.com\/fr\/wp-json\/wp\/v2\/types\/page"}],"author":[{"embeddable":true,"href":"https:\/\/domainedelabrave.com\/fr\/wp-json\/wp\/v2\/users\/1"}],"replies":[{"embeddable":true,"href":"https:\/\/domainedelabrave.com\/fr\/wp-json\/wp\/v2\/comments?post=566"}],"version-history":[{"count":21,"href":"https:\/\/domainedelabrave.com\/fr\/wp-json\/wp\/v2\/pages\/566\/revisions"}],"predecessor-version":[{"id":4570,"href":"https:\/\/domainedelabrave.com\/fr\/wp-json\/wp\/v2\/pages\/566\/revisions\/4570"}],"up":[{"embeddable":true,"href":"https:\/\/domainedelabrave.com\/fr\/wp-json\/wp\/v2\/pages\/572"}],"wp:attachment":[{"href":"https:\/\/domainedelabrave.com\/fr\/wp-json\/wp\/v2\/media?parent=566"}],"curies":[{"name":"wp","href":"https:\/\/api.w.org\/{rel}","templated":true}]}}