{"id":572,"date":"2022-08-09T22:56:46","date_gmt":"2022-08-09T20:56:46","guid":{"rendered":"https:\/\/domainedelabrave.com\/?page_id=572"},"modified":"2026-04-05T13:11:02","modified_gmt":"2026-04-05T11:11:02","slug":"facilities-services","status":"publish","type":"page","link":"https:\/\/domainedelabrave.com\/fr\/facilities-services\/","title":{"rendered":"\u00c9QUIPMENTS &amp; SERVICES"},"content":{"rendered":"<div data-elementor-type=\"wp-page\" data-elementor-id=\"572\" class=\"elementor elementor-572\" data-elementor-post-type=\"page\">\n\t\t\t\t\t\t<section class=\"elementor-section elementor-top-section elementor-element elementor-element-e3a1748 elementor-section-boxed elementor-section-height-default elementor-section-height-default\" data-id=\"e3a1748\" data-element_type=\"section\" data-e-type=\"section\">\n\t\t\t\t\t\t<div class=\"elementor-container elementor-column-gap-default\">\n\t\t\t\t\t<div class=\"elementor-column elementor-col-100 elementor-top-column elementor-element elementor-element-5055b35\" data-id=\"5055b35\" data-element_type=\"column\" data-e-type=\"column\">\n\t\t\t<div class=\"elementor-widget-wrap elementor-element-populated\">\n\t\t\t\t\t\t<div class=\"elementor-element elementor-element-5626386 elementor-widget elementor-widget-text-editor\" data-id=\"5626386\" data-element_type=\"widget\" data-e-type=\"widget\" data-widget_type=\"text-editor.default\">\n\t\t\t\t<div class=\"elementor-widget-container\">\n\t\t\t\t\t\t\t\t\t<p><span style=\"color: #333333; font-family: tahoma, arial, helvetica, sans-serif; font-size: 12pt;\">Vous trouverez des informations sur les diff\u00e9rents \u00e9quipements et services mis \u00e0 disposition de nos clients pendant leur s\u00e9jour. Que vous souhaitiez vous d\u00e9tendre, vous restaurer ou profiter pleinement de votre s\u00e9jour, nous avons tout ce qu\u2019il vous faut.\u00a0<\/span><\/p><p><span style=\"color: #333333; font-family: tahoma, arial, helvetica, sans-serif; font-size: 12pt;\">Nous vous invitons \u00e0 d\u00e9couvrir chacun de nos quatre sous-menus \u2014 Piscine, Petit-d\u00e9jeuner, Cuisine commune et Parking &amp; local \u00e0 v\u00e9los \u2014 pour en savoir plus sur nos services.\u00a0<\/span><\/p><p><span style=\"color: #333333; font-family: tahoma, arial, helvetica, sans-serif; font-size: 12pt;\">Au plaisir de vous accueillir sous le ciel bleu de la Provence  \u2600\ufe0f<\/span><\/p>\t\t\t\t\t\t\t\t<\/div>\n\t\t\t\t<\/div>\n\t\t\t\t\t<\/div>\n\t\t<\/div>\n\t\t\t\t\t<\/div>\n\t\t<\/section>\n\t\t\t\t<\/div>","protected":false},"excerpt":{"rendered":"<p>Here you will find information about the various facilities and services that are available to our guests during their stay. Whether you\u2019re looking to relax, stay nourished, or make the most of your trip, we have everything you need.\u00a0 Please take a moment to explore each of our four submenus: Pool, Breakfast, Communal Kitchen, Parking [&hellip;]<\/p>\n","protected":false},"author":1,"featured_media":0,"parent":0,"menu_order":0,"comment_status":"closed","ping_status":"closed","template":"","meta":{"nf_dc_page":"","om_disable_all_campaigns":false,"_monsterinsights_skip_tracking":false,"_monsterinsights_sitenote_active":false,"_monsterinsights_sitenote_note":"","_monsterinsights_sitenote_category":0,"_uf_show_specific_survey":0,"_uf_disable_surveys":false,"footnotes":""},"class_list":["post-572","page","type-page","status-publish","hentry"],"yoast_head":"<!-- This site is optimized with the Yoast SEO plugin v27.3 - https:\/\/yoast.com\/product\/yoast-seo-wordpress\/ -->\n<title>FACILITIES &amp; SERVICES - Domaine de La Brave<\/title>\n<meta name=\"robots\" content=\"index, follow, max-snippet:-1, max-image-preview:large, max-video-preview:-1\" \/>\n<link rel=\"canonical\" href=\"https:\/\/domainedelabrave.com\/fr\/facilities-services\/\" \/>\n<meta property=\"og:locale\" content=\"fr_FR\" \/>\n<meta property=\"og:type\" content=\"article\" \/>\n<meta property=\"og:title\" content=\"FACILITIES &amp; SERVICES - Domaine de La Brave\" \/>\n<meta property=\"og:description\" content=\"Here you will find information about the various facilities and services that are available to our guests during their stay. Whether you\u2019re looking to relax, stay nourished, or make the most of your trip, we have everything you need.\u00a0 Please take a moment to explore each of our four submenus: Pool, Breakfast, Communal Kitchen, Parking [&hellip;]\" \/>\n<meta property=\"og:url\" content=\"https:\/\/domainedelabrave.com\/fr\/facilities-services\/\" \/>\n<meta property=\"og:site_name\" content=\"Domaine de La Brave\" \/>\n<meta property=\"article:publisher\" content=\"https:\/\/www.facebook.com\/domainedelabrave\/\" \/>\n<meta property=\"article:modified_time\" content=\"2026-04-05T11:11:02+00:00\" \/>\n<meta name=\"twitter:card\" content=\"summary_large_image\" \/>\n<meta name=\"twitter:label1\" content=\"Dur\u00e9e de lecture estim\u00e9e\" \/>\n\t<meta name=\"twitter:data1\" content=\"1 minute\" \/>\n<script type=\"application\/ld+json\" class=\"yoast-schema-graph\">{\"@context\":\"https:\\\/\\\/schema.org\",\"@graph\":[{\"@type\":\"WebPage\",\"@id\":\"https:\\\/\\\/domainedelabrave.com\\\/facilities-services\\\/\",\"url\":\"https:\\\/\\\/domainedelabrave.com\\\/facilities-services\\\/\",\"name\":\"FACILITIES & SERVICES - Domaine de La Brave\",\"isPartOf\":{\"@id\":\"https:\\\/\\\/domainedelabrave.com\\\/#website\"},\"datePublished\":\"2022-08-09T20:56:46+00:00\",\"dateModified\":\"2026-04-05T11:11:02+00:00\",\"breadcrumb\":{\"@id\":\"https:\\\/\\\/domainedelabrave.com\\\/facilities-services\\\/#breadcrumb\"},\"inLanguage\":\"fr-FR\",\"potentialAction\":[{\"@type\":\"ReadAction\",\"target\":[\"https:\\\/\\\/domainedelabrave.com\\\/facilities-services\\\/\"]}]},{\"@type\":\"BreadcrumbList\",\"@id\":\"https:\\\/\\\/domainedelabrave.com\\\/facilities-services\\\/#breadcrumb\",\"itemListElement\":[{\"@type\":\"ListItem\",\"position\":1,\"name\":\"Home\",\"item\":\"https:\\\/\\\/domainedelabrave.com\\\/\"},{\"@type\":\"ListItem\",\"position\":2,\"name\":\"FACILITIES &#038; SERVICES\"}]},{\"@type\":\"WebSite\",\"@id\":\"https:\\\/\\\/domainedelabrave.com\\\/#website\",\"url\":\"https:\\\/\\\/domainedelabrave.com\\\/\",\"name\":\"Domaine de La Brave\",\"description\":\"Bed &amp; Breakfast in Provence\",\"publisher\":{\"@id\":\"https:\\\/\\\/domainedelabrave.com\\\/#organization\"},\"potentialAction\":[{\"@type\":\"SearchAction\",\"target\":{\"@type\":\"EntryPoint\",\"urlTemplate\":\"https:\\\/\\\/domainedelabrave.com\\\/?s={search_term_string}\"},\"query-input\":{\"@type\":\"PropertyValueSpecification\",\"valueRequired\":true,\"valueName\":\"search_term_string\"}}],\"inLanguage\":\"fr-FR\"},{\"@type\":\"Organization\",\"@id\":\"https:\\\/\\\/domainedelabrave.com\\\/#organization\",\"name\":\"Domaine de La Brave\",\"url\":\"https:\\\/\\\/domainedelabrave.com\\\/\",\"logo\":{\"@type\":\"ImageObject\",\"inLanguage\":\"fr-FR\",\"@id\":\"https:\\\/\\\/domainedelabrave.com\\\/#\\\/schema\\\/logo\\\/image\\\/\",\"url\":\"https:\\\/\\\/i0.wp.com\\\/domainedelabrave.com\\\/wp-content\\\/uploads\\\/2024\\\/10\\\/cropped-LaBrave-1221-2-scaled-2.jpg?fit=512%2C512&ssl=1\",\"contentUrl\":\"https:\\\/\\\/i0.wp.com\\\/domainedelabrave.com\\\/wp-content\\\/uploads\\\/2024\\\/10\\\/cropped-LaBrave-1221-2-scaled-2.jpg?fit=512%2C512&ssl=1\",\"width\":512,\"height\":512,\"caption\":\"Domaine de La Brave\"},\"image\":{\"@id\":\"https:\\\/\\\/domainedelabrave.com\\\/#\\\/schema\\\/logo\\\/image\\\/\"},\"sameAs\":[\"https:\\\/\\\/www.facebook.com\\\/domainedelabrave\\\/\",\"https:\\\/\\\/www.instagram.com\\\/domainedelabrave\\\/\"]}]}<\/script>\n<!-- \/ Yoast SEO plugin. -->","yoast_head_json":{"title":"FACILITIES & SERVICES - Domaine de La Brave","robots":{"index":"index","follow":"follow","max-snippet":"max-snippet:-1","max-image-preview":"max-image-preview:large","max-video-preview":"max-video-preview:-1"},"canonical":"https:\/\/domainedelabrave.com\/fr\/facilities-services\/","og_locale":"fr_FR","og_type":"article","og_title":"FACILITIES & SERVICES - Domaine de La Brave","og_description":"Here you will find information about the various facilities and services that are available to our guests during their stay. Whether you\u2019re looking to relax, stay nourished, or make the most of your trip, we have everything you need.\u00a0 Please take a moment to explore each of our four submenus: Pool, Breakfast, Communal Kitchen, Parking [&hellip;]","og_url":"https:\/\/domainedelabrave.com\/fr\/facilities-services\/","og_site_name":"Domaine de La Brave","article_publisher":"https:\/\/www.facebook.com\/domainedelabrave\/","article_modified_time":"2026-04-05T11:11:02+00:00","twitter_card":"summary_large_image","twitter_misc":{"Dur\u00e9e de lecture estim\u00e9e":"1 minute"},"schema":{"@context":"https:\/\/schema.org","@graph":[{"@type":"WebPage","@id":"https:\/\/domainedelabrave.com\/facilities-services\/","url":"https:\/\/domainedelabrave.com\/facilities-services\/","name":"FACILITIES & SERVICES - Domaine de La Brave","isPartOf":{"@id":"https:\/\/domainedelabrave.com\/#website"},"datePublished":"2022-08-09T20:56:46+00:00","dateModified":"2026-04-05T11:11:02+00:00","breadcrumb":{"@id":"https:\/\/domainedelabrave.com\/facilities-services\/#breadcrumb"},"inLanguage":"fr-FR","potentialAction":[{"@type":"ReadAction","target":["https:\/\/domainedelabrave.com\/facilities-services\/"]}]},{"@type":"BreadcrumbList","@id":"https:\/\/domainedelabrave.com\/facilities-services\/#breadcrumb","itemListElement":[{"@type":"ListItem","position":1,"name":"Home","item":"https:\/\/domainedelabrave.com\/"},{"@type":"ListItem","position":2,"name":"FACILITIES &#038; SERVICES"}]},{"@type":"WebSite","@id":"https:\/\/domainedelabrave.com\/#website","url":"https:\/\/domainedelabrave.com\/","name":"Domaine de La Brave","description":"Bed &amp; Breakfast in Provence","publisher":{"@id":"https:\/\/domainedelabrave.com\/#organization"},"potentialAction":[{"@type":"SearchAction","target":{"@type":"EntryPoint","urlTemplate":"https:\/\/domainedelabrave.com\/?s={search_term_string}"},"query-input":{"@type":"PropertyValueSpecification","valueRequired":true,"valueName":"search_term_string"}}],"inLanguage":"fr-FR"},{"@type":"Organization","@id":"https:\/\/domainedelabrave.com\/#organization","name":"Domaine de La Brave","url":"https:\/\/domainedelabrave.com\/","logo":{"@type":"ImageObject","inLanguage":"fr-FR","@id":"https:\/\/domainedelabrave.com\/#\/schema\/logo\/image\/","url":"https:\/\/i0.wp.com\/domainedelabrave.com\/wp-content\/uploads\/2024\/10\/cropped-LaBrave-1221-2-scaled-2.jpg?fit=512%2C512&ssl=1","contentUrl":"https:\/\/i0.wp.com\/domainedelabrave.com\/wp-content\/uploads\/2024\/10\/cropped-LaBrave-1221-2-scaled-2.jpg?fit=512%2C512&ssl=1","width":512,"height":512,"caption":"Domaine de La Brave"},"image":{"@id":"https:\/\/domainedelabrave.com\/#\/schema\/logo\/image\/"},"sameAs":["https:\/\/www.facebook.com\/domainedelabrave\/","https:\/\/www.instagram.com\/domainedelabrave\/"]}]}},"jetpack_sharing_enabled":true,"_links":{"self":[{"href":"https:\/\/domainedelabrave.com\/fr\/wp-json\/wp\/v2\/pages\/572","targetHints":{"allow":["GET"]}}],"collection":[{"href":"https:\/\/domainedelabrave.com\/fr\/wp-json\/wp\/v2\/pages"}],"about":[{"href":"https:\/\/domainedelabrave.com\/fr\/wp-json\/wp\/v2\/types\/page"}],"author":[{"embeddable":true,"href":"https:\/\/domainedelabrave.com\/fr\/wp-json\/wp\/v2\/users\/1"}],"replies":[{"embeddable":true,"href":"https:\/\/domainedelabrave.com\/fr\/wp-json\/wp\/v2\/comments?post=572"}],"version-history":[{"count":8,"href":"https:\/\/domainedelabrave.com\/fr\/wp-json\/wp\/v2\/pages\/572\/revisions"}],"predecessor-version":[{"id":4556,"href":"https:\/\/domainedelabrave.com\/fr\/wp-json\/wp\/v2\/pages\/572\/revisions\/4556"}],"wp:attachment":[{"href":"https:\/\/domainedelabrave.com\/fr\/wp-json\/wp\/v2\/media?parent=572"}],"curies":[{"name":"wp","href":"https:\/\/api.w.org\/{rel}","templated":true}]}}