{"id":696,"date":"2022-10-19T17:27:45","date_gmt":"2022-10-19T15:27:45","guid":{"rendered":"https:\/\/domainedelabrave.com\/?page_id=696"},"modified":"2026-04-05T13:20:15","modified_gmt":"2026-04-05T11:20:15","slug":"breakfast-2","status":"publish","type":"page","link":"https:\/\/domainedelabrave.com\/fr\/facilities-services\/breakfast-2\/","title":{"rendered":"Petit-d\u00e9jeuner"},"content":{"rendered":"<div data-elementor-type=\"wp-page\" data-elementor-id=\"696\" class=\"elementor elementor-696\" data-elementor-post-type=\"page\">\n\t\t\t\t\t\t<section class=\"elementor-section elementor-top-section elementor-element elementor-element-09379e7 elementor-section-boxed elementor-section-height-default elementor-section-height-default\" data-id=\"09379e7\" data-element_type=\"section\" data-e-type=\"section\">\n\t\t\t\t\t\t<div class=\"elementor-container elementor-column-gap-default\">\n\t\t\t\t\t<div class=\"elementor-column elementor-col-100 elementor-top-column elementor-element elementor-element-b65565a\" data-id=\"b65565a\" data-element_type=\"column\" data-e-type=\"column\">\n\t\t\t<div class=\"elementor-widget-wrap elementor-element-populated\">\n\t\t\t\t\t\t<div class=\"elementor-element elementor-element-ac41148 elementor-widget elementor-widget-gallery\" data-id=\"ac41148\" data-element_type=\"widget\" data-e-type=\"widget\" data-settings=\"{&quot;columns&quot;:3,&quot;aspect_ratio&quot;:&quot;4:3&quot;,&quot;lazyload&quot;:&quot;yes&quot;,&quot;gallery_layout&quot;:&quot;grid&quot;,&quot;columns_tablet&quot;:2,&quot;columns_mobile&quot;:1,&quot;gap&quot;:{&quot;unit&quot;:&quot;px&quot;,&quot;size&quot;:10,&quot;sizes&quot;:[]},&quot;gap_tablet&quot;:{&quot;unit&quot;:&quot;px&quot;,&quot;size&quot;:10,&quot;sizes&quot;:[]},&quot;gap_mobile&quot;:{&quot;unit&quot;:&quot;px&quot;,&quot;size&quot;:10,&quot;sizes&quot;:[]},&quot;link_to&quot;:&quot;file&quot;,&quot;overlay_background&quot;:&quot;yes&quot;,&quot;content_hover_animation&quot;:&quot;fade-in&quot;}\" data-widget_type=\"gallery.default\">\n\t\t\t\t<div class=\"elementor-widget-container\">\n\t\t\t\t\t\t\t<div class=\"elementor-gallery__container\">\n\t\t\t\t\t\t\t<a class=\"e-gallery-item elementor-gallery-item elementor-animated-content\" href=\"https:\/\/i0.wp.com\/domainedelabrave.com\/wp-content\/uploads\/2022\/08\/IMG_0025-scaled.jpg?fit=2048%2C2560&#038;ssl=1\" data-elementor-open-lightbox=\"yes\" data-elementor-lightbox-slideshow=\"ac41148\" data-elementor-lightbox-title=\"IMG_0025\" data-e-action-hash=\"#elementor-action%3Aaction%3Dlightbox%26settings%3DeyJpZCI6NjE5LCJ1cmwiOiJodHRwczpcL1wvZG9tYWluZWRlbGFicmF2ZS5jb21cL3dwLWNvbnRlbnRcL3VwbG9hZHNcLzIwMjJcLzA4XC9JTUdfMDAyNS1zY2FsZWQuanBnIiwic2xpZGVzaG93IjoiYWM0MTE0OCJ9\">\n\t\t\t\t\t<div class=\"e-gallery-image elementor-gallery-item__image\" data-thumbnail=\"https:\/\/i0.wp.com\/domainedelabrave.com\/wp-content\/uploads\/2022\/08\/IMG_0025-scaled.jpg?fit=819%2C1024&amp;ssl=1\" data-width=\"819\" data-height=\"1024\" aria-label=\"\" role=\"img\" ><\/div>\n\t\t\t\t\t\t\t\t\t\t\t<div class=\"elementor-gallery-item__overlay\"><\/div>\n\t\t\t\t\t\t\t\t\t\t\t\t\t\t<\/a>\n\t\t\t\t\t\t\t<a class=\"e-gallery-item elementor-gallery-item elementor-animated-content\" href=\"https:\/\/i0.wp.com\/domainedelabrave.com\/wp-content\/uploads\/2022\/11\/C0A06DE5-ABAE-489C-B1DB-2C08F190ACC4.jpeg?fit=1440%2C1800&#038;ssl=1\" data-elementor-open-lightbox=\"yes\" data-elementor-lightbox-slideshow=\"ac41148\" data-elementor-lightbox-title=\"C0A06DE5-ABAE-489C-B1DB-2C08F190ACC4\" data-e-action-hash=\"#elementor-action%3Aaction%3Dlightbox%26settings%3DeyJpZCI6OTI1LCJ1cmwiOiJodHRwczpcL1wvZG9tYWluZWRlbGFicmF2ZS5jb21cL3dwLWNvbnRlbnRcL3VwbG9hZHNcLzIwMjJcLzExXC9DMEEwNkRFNS1BQkFFLTQ4OUMtQjFEQi0yQzA4RjE5MEFDQzQuanBlZyIsInNsaWRlc2hvdyI6ImFjNDExNDgifQ%3D%3D\">\n\t\t\t\t\t<div class=\"e-gallery-image elementor-gallery-item__image\" data-thumbnail=\"https:\/\/i0.wp.com\/domainedelabrave.com\/wp-content\/uploads\/2022\/11\/C0A06DE5-ABAE-489C-B1DB-2C08F190ACC4.jpeg?fit=819%2C1024&amp;ssl=1\" data-width=\"819\" data-height=\"1024\" aria-label=\"\" role=\"img\" ><\/div>\n\t\t\t\t\t\t\t\t\t\t\t<div class=\"elementor-gallery-item__overlay\"><\/div>\n\t\t\t\t\t\t\t\t\t\t\t\t\t\t<\/a>\n\t\t\t\t\t\t\t<a class=\"e-gallery-item elementor-gallery-item elementor-animated-content\" href=\"https:\/\/i0.wp.com\/domainedelabrave.com\/wp-content\/uploads\/2022\/11\/F51C3774-BAB0-425A-A322-A1C1F9F98C75-scaled.jpeg?fit=2048%2C2560&#038;ssl=1\" data-elementor-open-lightbox=\"yes\" data-elementor-lightbox-slideshow=\"ac41148\" data-elementor-lightbox-title=\"F51C3774-BAB0-425A-A322-A1C1F9F98C75\" data-e-action-hash=\"#elementor-action%3Aaction%3Dlightbox%26settings%3DeyJpZCI6OTYzLCJ1cmwiOiJodHRwczpcL1wvZG9tYWluZWRlbGFicmF2ZS5jb21cL3dwLWNvbnRlbnRcL3VwbG9hZHNcLzIwMjJcLzExXC9GNTFDMzc3NC1CQUIwLTQyNUEtQTMyMi1BMUMxRjlGOThDNzUtc2NhbGVkLmpwZWciLCJzbGlkZXNob3ciOiJhYzQxMTQ4In0%3D\">\n\t\t\t\t\t<div class=\"e-gallery-image elementor-gallery-item__image\" data-thumbnail=\"https:\/\/i0.wp.com\/domainedelabrave.com\/wp-content\/uploads\/2022\/11\/F51C3774-BAB0-425A-A322-A1C1F9F98C75-scaled.jpeg?fit=819%2C1024&amp;ssl=1\" data-width=\"819\" data-height=\"1024\" aria-label=\"\" role=\"img\" ><\/div>\n\t\t\t\t\t\t\t\t\t\t\t<div class=\"elementor-gallery-item__overlay\"><\/div>\n\t\t\t\t\t\t\t\t\t\t\t\t\t\t<\/a>\n\t\t\t\t\t\t\t<a class=\"e-gallery-item elementor-gallery-item elementor-animated-content\" href=\"https:\/\/i0.wp.com\/domainedelabrave.com\/wp-content\/uploads\/2022\/11\/DE1A435A-759C-456D-BDD3-0F0F9CF0A039.jpeg?fit=1440%2C1800&#038;ssl=1\" data-elementor-open-lightbox=\"yes\" data-elementor-lightbox-slideshow=\"ac41148\" data-elementor-lightbox-title=\"DE1A435A-759C-456D-BDD3-0F0F9CF0A039\" data-e-action-hash=\"#elementor-action%3Aaction%3Dlightbox%26settings%3DeyJpZCI6OTI2LCJ1cmwiOiJodHRwczpcL1wvZG9tYWluZWRlbGFicmF2ZS5jb21cL3dwLWNvbnRlbnRcL3VwbG9hZHNcLzIwMjJcLzExXC9ERTFBNDM1QS03NTlDLTQ1NkQtQkREMy0wRjBGOUNGMEEwMzkuanBlZyIsInNsaWRlc2hvdyI6ImFjNDExNDgifQ%3D%3D\">\n\t\t\t\t\t<div class=\"e-gallery-image elementor-gallery-item__image\" data-thumbnail=\"https:\/\/i0.wp.com\/domainedelabrave.com\/wp-content\/uploads\/2022\/11\/DE1A435A-759C-456D-BDD3-0F0F9CF0A039.jpeg?fit=819%2C1024&amp;ssl=1\" data-width=\"819\" data-height=\"1024\" aria-label=\"\" role=\"img\" ><\/div>\n\t\t\t\t\t\t\t\t\t\t\t<div class=\"elementor-gallery-item__overlay\"><\/div>\n\t\t\t\t\t\t\t\t\t\t\t\t\t\t<\/a>\n\t\t\t\t\t\t\t<a class=\"e-gallery-item elementor-gallery-item elementor-animated-content\" href=\"https:\/\/i0.wp.com\/domainedelabrave.com\/wp-content\/uploads\/2023\/01\/93C3796F-4DE1-443A-8532-228F5C8CBB48.webp?fit=1440%2C1800&#038;ssl=1\" data-elementor-open-lightbox=\"yes\" data-elementor-lightbox-slideshow=\"ac41148\" data-elementor-lightbox-title=\"93C3796F-4DE1-443A-8532-228F5C8CBB48\" data-e-action-hash=\"#elementor-action%3Aaction%3Dlightbox%26settings%3DeyJpZCI6MjI0NCwidXJsIjoiaHR0cHM6XC9cL2RvbWFpbmVkZWxhYnJhdmUuY29tXC93cC1jb250ZW50XC91cGxvYWRzXC8yMDIzXC8wMVwvOTNDMzc5NkYtNERFMS00NDNBLTg1MzItMjI4RjVDOENCQjQ4LndlYnAiLCJzbGlkZXNob3ciOiJhYzQxMTQ4In0%3D\">\n\t\t\t\t\t<div class=\"e-gallery-image elementor-gallery-item__image\" data-thumbnail=\"https:\/\/i0.wp.com\/domainedelabrave.com\/wp-content\/uploads\/2023\/01\/93C3796F-4DE1-443A-8532-228F5C8CBB48.webp?fit=819%2C1024&amp;ssl=1\" data-width=\"819\" data-height=\"1024\" aria-label=\"\" role=\"img\" ><\/div>\n\t\t\t\t\t\t\t\t\t\t\t<div class=\"elementor-gallery-item__overlay\"><\/div>\n\t\t\t\t\t\t\t\t\t\t\t\t\t\t<\/a>\n\t\t\t\t\t\t\t<a class=\"e-gallery-item elementor-gallery-item elementor-animated-content\" href=\"https:\/\/i0.wp.com\/domainedelabrave.com\/wp-content\/uploads\/2022\/11\/3866C165-51DD-48EE-AE5A-7558CAED77CF.jpeg?fit=1440%2C1800&#038;ssl=1\" data-elementor-open-lightbox=\"yes\" data-elementor-lightbox-slideshow=\"ac41148\" data-elementor-lightbox-title=\"Breakfast Area\" data-e-action-hash=\"#elementor-action%3Aaction%3Dlightbox%26settings%3DeyJpZCI6OTkyLCJ1cmwiOiJodHRwczpcL1wvZG9tYWluZWRlbGFicmF2ZS5jb21cL3dwLWNvbnRlbnRcL3VwbG9hZHNcLzIwMjJcLzExXC8zODY2QzE2NS01MURELTQ4RUUtQUU1QS03NTU4Q0FFRDc3Q0YuanBlZyIsInNsaWRlc2hvdyI6ImFjNDExNDgifQ%3D%3D\">\n\t\t\t\t\t<div class=\"e-gallery-image elementor-gallery-item__image\" data-thumbnail=\"https:\/\/i0.wp.com\/domainedelabrave.com\/wp-content\/uploads\/2022\/11\/3866C165-51DD-48EE-AE5A-7558CAED77CF.jpeg?fit=819%2C1024&amp;ssl=1\" data-width=\"819\" data-height=\"1024\" aria-label=\"\" role=\"img\" ><\/div>\n\t\t\t\t\t\t\t\t\t\t\t<div class=\"elementor-gallery-item__overlay\"><\/div>\n\t\t\t\t\t\t\t\t\t\t\t\t\t\t<\/a>\n\t\t\t\t\t<\/div>\n\t\t\t\t\t<\/div>\n\t\t\t\t<\/div>\n\t\t\t\t\t<\/div>\n\t\t<\/div>\n\t\t\t\t\t<\/div>\n\t\t<\/section>\n\t\t\t\t<section class=\"elementor-section elementor-top-section elementor-element elementor-element-c4f7255 elementor-section-boxed elementor-section-height-default elementor-section-height-default\" data-id=\"c4f7255\" data-element_type=\"section\" data-e-type=\"section\">\n\t\t\t\t\t\t<div class=\"elementor-container elementor-column-gap-default\">\n\t\t\t\t\t<div class=\"elementor-column elementor-col-100 elementor-top-column elementor-element elementor-element-53005c5\" data-id=\"53005c5\" data-element_type=\"column\" data-e-type=\"column\">\n\t\t\t<div class=\"elementor-widget-wrap elementor-element-populated\">\n\t\t\t\t\t\t<div class=\"elementor-element elementor-element-e6247bb elementor-widget elementor-widget-text-editor\" data-id=\"e6247bb\" data-element_type=\"widget\" data-e-type=\"widget\" data-widget_type=\"text-editor.default\">\n\t\t\t\t<div class=\"elementor-widget-container\">\n\t\t\t\t\t\t\t\t\t<p><span style=\"color: #333333; font-family: tahoma, arial, helvetica, sans-serif; font-size: 12pt;\">Servi chaque matin dans notre beau jardin, le petit-d\u00e9jeuner comprend du jus d\u2019orange fra\u00eechement press\u00e9, des baguettes et des viennoiseries de boulangeries locales, des confitures maison, du miel de lavande, des yaourts fermiers, des \u0153ufs, ainsi qu\u2019un assortiment de jambons et de fromages.\u00a0<\/span><\/p><p><span style=\"color: #333333; font-family: tahoma, arial, helvetica, sans-serif; font-size: 12pt;\">L\u2019h\u00f4tesse pr\u00e9pare \u00e9galement un plat du jour, comme des pains perdus, des cr\u00eapes, des pancakes ou des gaufres \u2014 un vrai r\u00e9gal pour tous !<\/span><\/p>\t\t\t\t\t\t\t\t<\/div>\n\t\t\t\t<\/div>\n\t\t\t\t\t<\/div>\n\t\t<\/div>\n\t\t\t\t\t<\/div>\n\t\t<\/section>\n\t\t\t\t<\/div>","protected":false},"excerpt":{"rendered":"<p>Served every morning in our beautiful garden, we offer freshly-squeezed orange juice, baguettes and pastries from the local bakeries, homemade jam, lavender honey, farm yogurt, eggs, a variety of ham and cheese.\u00a0 The hostess also prepares a daily special, such as French toasts, Crepes, Pancakes, Waffles \u2013 which is always a crowd-pleaser!<\/p>","protected":false},"author":1,"featured_media":0,"parent":572,"menu_order":0,"comment_status":"closed","ping_status":"closed","template":"","meta":{"nf_dc_page":"","om_disable_all_campaigns":false,"_monsterinsights_skip_tracking":false,"_monsterinsights_sitenote_active":false,"_monsterinsights_sitenote_note":"","_monsterinsights_sitenote_category":0,"_uf_show_specific_survey":0,"_uf_disable_surveys":false,"footnotes":""},"class_list":["post-696","page","type-page","status-publish","hentry"],"yoast_head":"<!-- This site is optimized with the Yoast SEO plugin v27.3 - https:\/\/yoast.com\/product\/yoast-seo-wordpress\/ -->\n<title>Breakfast - Domaine de La Brave<\/title>\n<meta name=\"robots\" content=\"index, follow, max-snippet:-1, max-image-preview:large, max-video-preview:-1\" \/>\n<link rel=\"canonical\" href=\"https:\/\/domainedelabrave.com\/fr\/facilities-services\/breakfast-2\/\" \/>\n<meta property=\"og:locale\" content=\"fr_FR\" \/>\n<meta property=\"og:type\" content=\"article\" \/>\n<meta property=\"og:title\" content=\"Breakfast - Domaine de La Brave\" \/>\n<meta property=\"og:description\" content=\"Served every morning in our beautiful garden, we offer freshly-squeezed orange juice, baguettes and pastries from the local bakeries, homemade jam, lavender honey, farm yogurt, eggs, a variety of ham and cheese.\u00a0 The hostess also prepares a daily special, such as French toasts, Crepes, Pancakes, Waffles \u2013 which is always a crowd-pleaser!\" \/>\n<meta property=\"og:url\" content=\"https:\/\/domainedelabrave.com\/fr\/facilities-services\/breakfast-2\/\" \/>\n<meta property=\"og:site_name\" content=\"Domaine de La Brave\" \/>\n<meta property=\"article:publisher\" content=\"https:\/\/www.facebook.com\/domainedelabrave\/\" \/>\n<meta property=\"article:modified_time\" content=\"2026-04-05T11:20:15+00:00\" \/>\n<meta name=\"twitter:card\" content=\"summary_large_image\" \/>\n<meta name=\"twitter:label1\" content=\"Dur\u00e9e de lecture estim\u00e9e\" \/>\n\t<meta name=\"twitter:data1\" content=\"1 minute\" \/>\n<script type=\"application\/ld+json\" class=\"yoast-schema-graph\">{\"@context\":\"https:\\\/\\\/schema.org\",\"@graph\":[{\"@type\":\"WebPage\",\"@id\":\"https:\\\/\\\/domainedelabrave.com\\\/facilities-services\\\/breakfast-2\\\/\",\"url\":\"https:\\\/\\\/domainedelabrave.com\\\/facilities-services\\\/breakfast-2\\\/\",\"name\":\"Breakfast - Domaine de La Brave\",\"isPartOf\":{\"@id\":\"https:\\\/\\\/domainedelabrave.com\\\/#website\"},\"datePublished\":\"2022-10-19T15:27:45+00:00\",\"dateModified\":\"2026-04-05T11:20:15+00:00\",\"breadcrumb\":{\"@id\":\"https:\\\/\\\/domainedelabrave.com\\\/facilities-services\\\/breakfast-2\\\/#breadcrumb\"},\"inLanguage\":\"fr-FR\",\"potentialAction\":[{\"@type\":\"ReadAction\",\"target\":[\"https:\\\/\\\/domainedelabrave.com\\\/facilities-services\\\/breakfast-2\\\/\"]}]},{\"@type\":\"BreadcrumbList\",\"@id\":\"https:\\\/\\\/domainedelabrave.com\\\/facilities-services\\\/breakfast-2\\\/#breadcrumb\",\"itemListElement\":[{\"@type\":\"ListItem\",\"position\":1,\"name\":\"Home\",\"item\":\"https:\\\/\\\/domainedelabrave.com\\\/\"},{\"@type\":\"ListItem\",\"position\":2,\"name\":\"FACILITIES &#038; SERVICES\",\"item\":\"https:\\\/\\\/domainedelabrave.com\\\/facilities-services\\\/\"},{\"@type\":\"ListItem\",\"position\":3,\"name\":\"Breakfast\"}]},{\"@type\":\"WebSite\",\"@id\":\"https:\\\/\\\/domainedelabrave.com\\\/#website\",\"url\":\"https:\\\/\\\/domainedelabrave.com\\\/\",\"name\":\"Domaine de La Brave\",\"description\":\"Bed &amp; Breakfast in Provence\",\"publisher\":{\"@id\":\"https:\\\/\\\/domainedelabrave.com\\\/#organization\"},\"potentialAction\":[{\"@type\":\"SearchAction\",\"target\":{\"@type\":\"EntryPoint\",\"urlTemplate\":\"https:\\\/\\\/domainedelabrave.com\\\/?s={search_term_string}\"},\"query-input\":{\"@type\":\"PropertyValueSpecification\",\"valueRequired\":true,\"valueName\":\"search_term_string\"}}],\"inLanguage\":\"fr-FR\"},{\"@type\":\"Organization\",\"@id\":\"https:\\\/\\\/domainedelabrave.com\\\/#organization\",\"name\":\"Domaine de La Brave\",\"url\":\"https:\\\/\\\/domainedelabrave.com\\\/\",\"logo\":{\"@type\":\"ImageObject\",\"inLanguage\":\"fr-FR\",\"@id\":\"https:\\\/\\\/domainedelabrave.com\\\/#\\\/schema\\\/logo\\\/image\\\/\",\"url\":\"https:\\\/\\\/i0.wp.com\\\/domainedelabrave.com\\\/wp-content\\\/uploads\\\/2024\\\/10\\\/cropped-LaBrave-1221-2-scaled-2.jpg?fit=512%2C512&ssl=1\",\"contentUrl\":\"https:\\\/\\\/i0.wp.com\\\/domainedelabrave.com\\\/wp-content\\\/uploads\\\/2024\\\/10\\\/cropped-LaBrave-1221-2-scaled-2.jpg?fit=512%2C512&ssl=1\",\"width\":512,\"height\":512,\"caption\":\"Domaine de La Brave\"},\"image\":{\"@id\":\"https:\\\/\\\/domainedelabrave.com\\\/#\\\/schema\\\/logo\\\/image\\\/\"},\"sameAs\":[\"https:\\\/\\\/www.facebook.com\\\/domainedelabrave\\\/\",\"https:\\\/\\\/www.instagram.com\\\/domainedelabrave\\\/\"]}]}<\/script>\n<!-- \/ Yoast SEO plugin. -->","yoast_head_json":{"title":"Breakfast - Domaine de La Brave","robots":{"index":"index","follow":"follow","max-snippet":"max-snippet:-1","max-image-preview":"max-image-preview:large","max-video-preview":"max-video-preview:-1"},"canonical":"https:\/\/domainedelabrave.com\/fr\/facilities-services\/breakfast-2\/","og_locale":"fr_FR","og_type":"article","og_title":"Breakfast - Domaine de La Brave","og_description":"Served every morning in our beautiful garden, we offer freshly-squeezed orange juice, baguettes and pastries from the local bakeries, homemade jam, lavender honey, farm yogurt, eggs, a variety of ham and cheese.\u00a0 The hostess also prepares a daily special, such as French toasts, Crepes, Pancakes, Waffles \u2013 which is always a crowd-pleaser!","og_url":"https:\/\/domainedelabrave.com\/fr\/facilities-services\/breakfast-2\/","og_site_name":"Domaine de La Brave","article_publisher":"https:\/\/www.facebook.com\/domainedelabrave\/","article_modified_time":"2026-04-05T11:20:15+00:00","twitter_card":"summary_large_image","twitter_misc":{"Dur\u00e9e de lecture estim\u00e9e":"1 minute"},"schema":{"@context":"https:\/\/schema.org","@graph":[{"@type":"WebPage","@id":"https:\/\/domainedelabrave.com\/facilities-services\/breakfast-2\/","url":"https:\/\/domainedelabrave.com\/facilities-services\/breakfast-2\/","name":"Breakfast - Domaine de La Brave","isPartOf":{"@id":"https:\/\/domainedelabrave.com\/#website"},"datePublished":"2022-10-19T15:27:45+00:00","dateModified":"2026-04-05T11:20:15+00:00","breadcrumb":{"@id":"https:\/\/domainedelabrave.com\/facilities-services\/breakfast-2\/#breadcrumb"},"inLanguage":"fr-FR","potentialAction":[{"@type":"ReadAction","target":["https:\/\/domainedelabrave.com\/facilities-services\/breakfast-2\/"]}]},{"@type":"BreadcrumbList","@id":"https:\/\/domainedelabrave.com\/facilities-services\/breakfast-2\/#breadcrumb","itemListElement":[{"@type":"ListItem","position":1,"name":"Home","item":"https:\/\/domainedelabrave.com\/"},{"@type":"ListItem","position":2,"name":"FACILITIES &#038; SERVICES","item":"https:\/\/domainedelabrave.com\/facilities-services\/"},{"@type":"ListItem","position":3,"name":"Breakfast"}]},{"@type":"WebSite","@id":"https:\/\/domainedelabrave.com\/#website","url":"https:\/\/domainedelabrave.com\/","name":"Domaine de La Brave","description":"Bed &amp; Breakfast in Provence","publisher":{"@id":"https:\/\/domainedelabrave.com\/#organization"},"potentialAction":[{"@type":"SearchAction","target":{"@type":"EntryPoint","urlTemplate":"https:\/\/domainedelabrave.com\/?s={search_term_string}"},"query-input":{"@type":"PropertyValueSpecification","valueRequired":true,"valueName":"search_term_string"}}],"inLanguage":"fr-FR"},{"@type":"Organization","@id":"https:\/\/domainedelabrave.com\/#organization","name":"Domaine de La Brave","url":"https:\/\/domainedelabrave.com\/","logo":{"@type":"ImageObject","inLanguage":"fr-FR","@id":"https:\/\/domainedelabrave.com\/#\/schema\/logo\/image\/","url":"https:\/\/i0.wp.com\/domainedelabrave.com\/wp-content\/uploads\/2024\/10\/cropped-LaBrave-1221-2-scaled-2.jpg?fit=512%2C512&ssl=1","contentUrl":"https:\/\/i0.wp.com\/domainedelabrave.com\/wp-content\/uploads\/2024\/10\/cropped-LaBrave-1221-2-scaled-2.jpg?fit=512%2C512&ssl=1","width":512,"height":512,"caption":"Domaine de La Brave"},"image":{"@id":"https:\/\/domainedelabrave.com\/#\/schema\/logo\/image\/"},"sameAs":["https:\/\/www.facebook.com\/domainedelabrave\/","https:\/\/www.instagram.com\/domainedelabrave\/"]}]}},"jetpack_sharing_enabled":true,"_links":{"self":[{"href":"https:\/\/domainedelabrave.com\/fr\/wp-json\/wp\/v2\/pages\/696","targetHints":{"allow":["GET"]}}],"collection":[{"href":"https:\/\/domainedelabrave.com\/fr\/wp-json\/wp\/v2\/pages"}],"about":[{"href":"https:\/\/domainedelabrave.com\/fr\/wp-json\/wp\/v2\/types\/page"}],"author":[{"embeddable":true,"href":"https:\/\/domainedelabrave.com\/fr\/wp-json\/wp\/v2\/users\/1"}],"replies":[{"embeddable":true,"href":"https:\/\/domainedelabrave.com\/fr\/wp-json\/wp\/v2\/comments?post=696"}],"version-history":[{"count":11,"href":"https:\/\/domainedelabrave.com\/fr\/wp-json\/wp\/v2\/pages\/696\/revisions"}],"predecessor-version":[{"id":4567,"href":"https:\/\/domainedelabrave.com\/fr\/wp-json\/wp\/v2\/pages\/696\/revisions\/4567"}],"up":[{"embeddable":true,"href":"https:\/\/domainedelabrave.com\/fr\/wp-json\/wp\/v2\/pages\/572"}],"wp:attachment":[{"href":"https:\/\/domainedelabrave.com\/fr\/wp-json\/wp\/v2\/media?parent=696"}],"curies":[{"name":"wp","href":"https:\/\/api.w.org\/{rel}","templated":true}]}}