{"id":792,"date":"2022-11-14T13:20:10","date_gmt":"2022-11-14T12:20:10","guid":{"rendered":"https:\/\/domainedelabrave.com\/?page_id=792"},"modified":"2026-04-05T13:22:13","modified_gmt":"2026-04-05T11:22:13","slug":"parking-bike-room","status":"publish","type":"page","link":"https:\/\/domainedelabrave.com\/fr\/facilities-services\/parking-bike-room\/","title":{"rendered":"Parking s\u00e9curis\u00e9 &amp; local \u00e0 v\u00e9los"},"content":{"rendered":"<div data-elementor-type=\"wp-page\" data-elementor-id=\"792\" class=\"elementor elementor-792\" data-elementor-post-type=\"page\">\n\t\t\t\t\t\t<section class=\"elementor-section elementor-top-section elementor-element elementor-element-621bc83 elementor-section-boxed elementor-section-height-default elementor-section-height-default\" data-id=\"621bc83\" data-element_type=\"section\" data-e-type=\"section\">\n\t\t\t\t\t\t<div class=\"elementor-container elementor-column-gap-default\">\n\t\t\t\t\t<div class=\"elementor-column elementor-col-100 elementor-top-column elementor-element elementor-element-5be0633\" data-id=\"5be0633\" data-element_type=\"column\" data-e-type=\"column\">\n\t\t\t<div class=\"elementor-widget-wrap elementor-element-populated\">\n\t\t\t\t\t\t<div class=\"elementor-element elementor-element-4bf40ebc elementor-widget elementor-widget-text-editor\" data-id=\"4bf40ebc\" data-element_type=\"widget\" data-e-type=\"widget\" data-widget_type=\"text-editor.default\">\n\t\t\t\t<div class=\"elementor-widget-container\">\n\t\t\t\t\t\t\t\t\t<p><span style=\"color: #333333; font-size: 12pt; font-family: tahoma, arial, helvetica, sans-serif;\">Un parking s\u00e9curis\u00e9 sur place et un local \u00e0 v\u00e9los int\u00e9rieur sont \u00e0 la disposition de tous nos h\u00f4tes, gratuitement. Aucune r\u00e9servation n\u2019est n\u00e9cessaire.<\/span><\/p>\t\t\t\t\t\t\t\t<\/div>\n\t\t\t\t<\/div>\n\t\t\t\t\t<\/div>\n\t\t<\/div>\n\t\t\t\t\t<\/div>\n\t\t<\/section>\n\t\t\t\t<\/div>","protected":false},"excerpt":{"rendered":"<p>Un parking s\u00e9curis\u00e9 sur place et un local \u00e0 v\u00e9los int\u00e9rieur sont \u00e0 la disposition de tous nos h\u00f4tes, gratuitement. Aucune r\u00e9servation n\u2019est n\u00e9cessaire.<\/p>","protected":false},"author":1,"featured_media":0,"parent":572,"menu_order":0,"comment_status":"closed","ping_status":"closed","template":"","meta":{"nf_dc_page":"","om_disable_all_campaigns":false,"_monsterinsights_skip_tracking":false,"_monsterinsights_sitenote_active":false,"_monsterinsights_sitenote_note":"","_monsterinsights_sitenote_category":0,"_uf_show_specific_survey":0,"_uf_disable_surveys":false,"footnotes":""},"class_list":["post-792","page","type-page","status-publish","hentry"],"yoast_head":"<!-- This site is optimized with the Yoast SEO plugin v27.3 - https:\/\/yoast.com\/product\/yoast-seo-wordpress\/ -->\n<title>Secured Parking &amp; Bike Room - Domaine de La Brave<\/title>\n<meta name=\"robots\" content=\"index, follow, max-snippet:-1, max-image-preview:large, max-video-preview:-1\" \/>\n<link rel=\"canonical\" href=\"https:\/\/domainedelabrave.com\/fr\/facilities-services\/parking-bike-room\/\" \/>\n<meta property=\"og:locale\" content=\"fr_FR\" \/>\n<meta property=\"og:type\" content=\"article\" \/>\n<meta property=\"og:title\" content=\"Secured Parking &amp; Bike Room - Domaine de La Brave\" \/>\n<meta property=\"og:description\" content=\"On-site secured parking lot and indoor bike storage area are available for all the guests free of charge. Reservation is not needed.\" \/>\n<meta property=\"og:url\" content=\"https:\/\/domainedelabrave.com\/fr\/facilities-services\/parking-bike-room\/\" \/>\n<meta property=\"og:site_name\" content=\"Domaine de La Brave\" \/>\n<meta property=\"article:publisher\" content=\"https:\/\/www.facebook.com\/domainedelabrave\/\" \/>\n<meta property=\"article:modified_time\" content=\"2026-04-05T11:22:13+00:00\" \/>\n<meta name=\"twitter:card\" content=\"summary_large_image\" \/>\n<meta name=\"twitter:label1\" content=\"Dur\u00e9e de lecture estim\u00e9e\" \/>\n\t<meta name=\"twitter:data1\" content=\"1 minute\" \/>\n<script type=\"application\/ld+json\" class=\"yoast-schema-graph\">{\"@context\":\"https:\\\/\\\/schema.org\",\"@graph\":[{\"@type\":\"WebPage\",\"@id\":\"https:\\\/\\\/domainedelabrave.com\\\/facilities-services\\\/parking-bike-room\\\/\",\"url\":\"https:\\\/\\\/domainedelabrave.com\\\/facilities-services\\\/parking-bike-room\\\/\",\"name\":\"Secured Parking & Bike Room - Domaine de La Brave\",\"isPartOf\":{\"@id\":\"https:\\\/\\\/domainedelabrave.com\\\/#website\"},\"datePublished\":\"2022-11-14T12:20:10+00:00\",\"dateModified\":\"2026-04-05T11:22:13+00:00\",\"breadcrumb\":{\"@id\":\"https:\\\/\\\/domainedelabrave.com\\\/facilities-services\\\/parking-bike-room\\\/#breadcrumb\"},\"inLanguage\":\"fr-FR\",\"potentialAction\":[{\"@type\":\"ReadAction\",\"target\":[\"https:\\\/\\\/domainedelabrave.com\\\/facilities-services\\\/parking-bike-room\\\/\"]}]},{\"@type\":\"BreadcrumbList\",\"@id\":\"https:\\\/\\\/domainedelabrave.com\\\/facilities-services\\\/parking-bike-room\\\/#breadcrumb\",\"itemListElement\":[{\"@type\":\"ListItem\",\"position\":1,\"name\":\"Home\",\"item\":\"https:\\\/\\\/domainedelabrave.com\\\/\"},{\"@type\":\"ListItem\",\"position\":2,\"name\":\"FACILITIES &#038; SERVICES\",\"item\":\"https:\\\/\\\/domainedelabrave.com\\\/facilities-services\\\/\"},{\"@type\":\"ListItem\",\"position\":3,\"name\":\"Parking &#038; Bike Room\"}]},{\"@type\":\"WebSite\",\"@id\":\"https:\\\/\\\/domainedelabrave.com\\\/#website\",\"url\":\"https:\\\/\\\/domainedelabrave.com\\\/\",\"name\":\"Domaine de La Brave\",\"description\":\"Bed &amp; Breakfast in Provence\",\"publisher\":{\"@id\":\"https:\\\/\\\/domainedelabrave.com\\\/#organization\"},\"potentialAction\":[{\"@type\":\"SearchAction\",\"target\":{\"@type\":\"EntryPoint\",\"urlTemplate\":\"https:\\\/\\\/domainedelabrave.com\\\/?s={search_term_string}\"},\"query-input\":{\"@type\":\"PropertyValueSpecification\",\"valueRequired\":true,\"valueName\":\"search_term_string\"}}],\"inLanguage\":\"fr-FR\"},{\"@type\":\"Organization\",\"@id\":\"https:\\\/\\\/domainedelabrave.com\\\/#organization\",\"name\":\"Domaine de La Brave\",\"url\":\"https:\\\/\\\/domainedelabrave.com\\\/\",\"logo\":{\"@type\":\"ImageObject\",\"inLanguage\":\"fr-FR\",\"@id\":\"https:\\\/\\\/domainedelabrave.com\\\/#\\\/schema\\\/logo\\\/image\\\/\",\"url\":\"https:\\\/\\\/i0.wp.com\\\/domainedelabrave.com\\\/wp-content\\\/uploads\\\/2024\\\/10\\\/cropped-LaBrave-1221-2-scaled-2.jpg?fit=512%2C512&ssl=1\",\"contentUrl\":\"https:\\\/\\\/i0.wp.com\\\/domainedelabrave.com\\\/wp-content\\\/uploads\\\/2024\\\/10\\\/cropped-LaBrave-1221-2-scaled-2.jpg?fit=512%2C512&ssl=1\",\"width\":512,\"height\":512,\"caption\":\"Domaine de La Brave\"},\"image\":{\"@id\":\"https:\\\/\\\/domainedelabrave.com\\\/#\\\/schema\\\/logo\\\/image\\\/\"},\"sameAs\":[\"https:\\\/\\\/www.facebook.com\\\/domainedelabrave\\\/\",\"https:\\\/\\\/www.instagram.com\\\/domainedelabrave\\\/\"]}]}<\/script>\n<!-- \/ Yoast SEO plugin. -->","yoast_head_json":{"title":"Secured Parking & Bike Room - Domaine de La Brave","robots":{"index":"index","follow":"follow","max-snippet":"max-snippet:-1","max-image-preview":"max-image-preview:large","max-video-preview":"max-video-preview:-1"},"canonical":"https:\/\/domainedelabrave.com\/fr\/facilities-services\/parking-bike-room\/","og_locale":"fr_FR","og_type":"article","og_title":"Secured Parking & Bike Room - Domaine de La Brave","og_description":"On-site secured parking lot and indoor bike storage area are available for all the guests free of charge. Reservation is not needed.","og_url":"https:\/\/domainedelabrave.com\/fr\/facilities-services\/parking-bike-room\/","og_site_name":"Domaine de La Brave","article_publisher":"https:\/\/www.facebook.com\/domainedelabrave\/","article_modified_time":"2026-04-05T11:22:13+00:00","twitter_card":"summary_large_image","twitter_misc":{"Dur\u00e9e de lecture estim\u00e9e":"1 minute"},"schema":{"@context":"https:\/\/schema.org","@graph":[{"@type":"WebPage","@id":"https:\/\/domainedelabrave.com\/facilities-services\/parking-bike-room\/","url":"https:\/\/domainedelabrave.com\/facilities-services\/parking-bike-room\/","name":"Secured Parking & Bike Room - Domaine de La Brave","isPartOf":{"@id":"https:\/\/domainedelabrave.com\/#website"},"datePublished":"2022-11-14T12:20:10+00:00","dateModified":"2026-04-05T11:22:13+00:00","breadcrumb":{"@id":"https:\/\/domainedelabrave.com\/facilities-services\/parking-bike-room\/#breadcrumb"},"inLanguage":"fr-FR","potentialAction":[{"@type":"ReadAction","target":["https:\/\/domainedelabrave.com\/facilities-services\/parking-bike-room\/"]}]},{"@type":"BreadcrumbList","@id":"https:\/\/domainedelabrave.com\/facilities-services\/parking-bike-room\/#breadcrumb","itemListElement":[{"@type":"ListItem","position":1,"name":"Home","item":"https:\/\/domainedelabrave.com\/"},{"@type":"ListItem","position":2,"name":"FACILITIES &#038; SERVICES","item":"https:\/\/domainedelabrave.com\/facilities-services\/"},{"@type":"ListItem","position":3,"name":"Parking &#038; Bike Room"}]},{"@type":"WebSite","@id":"https:\/\/domainedelabrave.com\/#website","url":"https:\/\/domainedelabrave.com\/","name":"Domaine de La Brave","description":"Bed &amp; Breakfast in Provence","publisher":{"@id":"https:\/\/domainedelabrave.com\/#organization"},"potentialAction":[{"@type":"SearchAction","target":{"@type":"EntryPoint","urlTemplate":"https:\/\/domainedelabrave.com\/?s={search_term_string}"},"query-input":{"@type":"PropertyValueSpecification","valueRequired":true,"valueName":"search_term_string"}}],"inLanguage":"fr-FR"},{"@type":"Organization","@id":"https:\/\/domainedelabrave.com\/#organization","name":"Domaine de La Brave","url":"https:\/\/domainedelabrave.com\/","logo":{"@type":"ImageObject","inLanguage":"fr-FR","@id":"https:\/\/domainedelabrave.com\/#\/schema\/logo\/image\/","url":"https:\/\/i0.wp.com\/domainedelabrave.com\/wp-content\/uploads\/2024\/10\/cropped-LaBrave-1221-2-scaled-2.jpg?fit=512%2C512&ssl=1","contentUrl":"https:\/\/i0.wp.com\/domainedelabrave.com\/wp-content\/uploads\/2024\/10\/cropped-LaBrave-1221-2-scaled-2.jpg?fit=512%2C512&ssl=1","width":512,"height":512,"caption":"Domaine de La Brave"},"image":{"@id":"https:\/\/domainedelabrave.com\/#\/schema\/logo\/image\/"},"sameAs":["https:\/\/www.facebook.com\/domainedelabrave\/","https:\/\/www.instagram.com\/domainedelabrave\/"]}]}},"jetpack_sharing_enabled":true,"_links":{"self":[{"href":"https:\/\/domainedelabrave.com\/fr\/wp-json\/wp\/v2\/pages\/792","targetHints":{"allow":["GET"]}}],"collection":[{"href":"https:\/\/domainedelabrave.com\/fr\/wp-json\/wp\/v2\/pages"}],"about":[{"href":"https:\/\/domainedelabrave.com\/fr\/wp-json\/wp\/v2\/types\/page"}],"author":[{"embeddable":true,"href":"https:\/\/domainedelabrave.com\/fr\/wp-json\/wp\/v2\/users\/1"}],"replies":[{"embeddable":true,"href":"https:\/\/domainedelabrave.com\/fr\/wp-json\/wp\/v2\/comments?post=792"}],"version-history":[{"count":8,"href":"https:\/\/domainedelabrave.com\/fr\/wp-json\/wp\/v2\/pages\/792\/revisions"}],"predecessor-version":[{"id":4573,"href":"https:\/\/domainedelabrave.com\/fr\/wp-json\/wp\/v2\/pages\/792\/revisions\/4573"}],"up":[{"embeddable":true,"href":"https:\/\/domainedelabrave.com\/fr\/wp-json\/wp\/v2\/pages\/572"}],"wp:attachment":[{"href":"https:\/\/domainedelabrave.com\/fr\/wp-json\/wp\/v2\/media?parent=792"}],"curies":[{"name":"wp","href":"https:\/\/api.w.org\/{rel}","templated":true}]}}