{"id":850,"date":"2022-11-14T22:27:48","date_gmt":"2022-11-14T21:27:48","guid":{"rendered":"https:\/\/domainedelabrave.com\/?page_id=850"},"modified":"2026-04-05T14:00:35","modified_gmt":"2026-04-05T12:00:35","slug":"history","status":"publish","type":"page","link":"https:\/\/domainedelabrave.com\/fr\/history\/","title":{"rendered":"L\u2019historique"},"content":{"rendered":"<div data-elementor-type=\"wp-page\" data-elementor-id=\"850\" class=\"elementor elementor-850\" data-elementor-post-type=\"page\">\n\t\t\t\t\t\t<section class=\"elementor-section elementor-top-section elementor-element elementor-element-7b35b10 elementor-section-boxed elementor-section-height-default elementor-section-height-default\" data-id=\"7b35b10\" data-element_type=\"section\" data-e-type=\"section\">\n\t\t\t\t\t\t<div class=\"elementor-container elementor-column-gap-default\">\n\t\t\t\t\t<div class=\"elementor-column elementor-col-100 elementor-top-column elementor-element elementor-element-2914483\" data-id=\"2914483\" data-element_type=\"column\" data-e-type=\"column\">\n\t\t\t<div class=\"elementor-widget-wrap elementor-element-populated\">\n\t\t\t\t\t\t<div class=\"elementor-element elementor-element-04cd89e elementor-widget elementor-widget-gallery\" data-id=\"04cd89e\" data-element_type=\"widget\" data-e-type=\"widget\" data-settings=\"{&quot;columns&quot;:2,&quot;lazyload&quot;:&quot;yes&quot;,&quot;gallery_layout&quot;:&quot;grid&quot;,&quot;columns_tablet&quot;:2,&quot;columns_mobile&quot;:1,&quot;gap&quot;:{&quot;unit&quot;:&quot;px&quot;,&quot;size&quot;:10,&quot;sizes&quot;:[]},&quot;gap_tablet&quot;:{&quot;unit&quot;:&quot;px&quot;,&quot;size&quot;:10,&quot;sizes&quot;:[]},&quot;gap_mobile&quot;:{&quot;unit&quot;:&quot;px&quot;,&quot;size&quot;:10,&quot;sizes&quot;:[]},&quot;link_to&quot;:&quot;file&quot;,&quot;aspect_ratio&quot;:&quot;3:2&quot;,&quot;overlay_background&quot;:&quot;yes&quot;,&quot;content_hover_animation&quot;:&quot;fade-in&quot;}\" data-widget_type=\"gallery.default\">\n\t\t\t\t<div class=\"elementor-widget-container\">\n\t\t\t\t\t\t\t<div class=\"elementor-gallery__container\">\n\t\t\t\t\t\t\t<a class=\"e-gallery-item elementor-gallery-item elementor-animated-content\" href=\"https:\/\/i0.wp.com\/domainedelabrave.com\/wp-content\/uploads\/2022\/11\/7C4DCCF1-BF7B-4D5E-828C-2205435208F1.jpeg?fit=1766%2C1124&#038;ssl=1\" data-elementor-open-lightbox=\"yes\" data-elementor-lightbox-slideshow=\"04cd89e\" data-elementor-lightbox-title=\"7C4DCCF1-BF7B-4D5E-828C-2205435208F1\" data-e-action-hash=\"#elementor-action%3Aaction%3Dlightbox%26settings%3DeyJpZCI6MTA1NiwidXJsIjoiaHR0cHM6XC9cL2RvbWFpbmVkZWxhYnJhdmUuY29tXC93cC1jb250ZW50XC91cGxvYWRzXC8yMDIyXC8xMVwvN0M0RENDRjEtQkY3Qi00RDVFLTgyOEMtMjIwNTQzNTIwOEYxLmpwZWciLCJzbGlkZXNob3ciOiIwNGNkODllIn0%3D\">\n\t\t\t\t\t<div class=\"e-gallery-image elementor-gallery-item__image\" data-thumbnail=\"https:\/\/i0.wp.com\/domainedelabrave.com\/wp-content\/uploads\/2022\/11\/7C4DCCF1-BF7B-4D5E-828C-2205435208F1.jpeg?fit=300%2C191&amp;ssl=1\" data-width=\"300\" data-height=\"191\" aria-label=\"\" role=\"img\" ><\/div>\n\t\t\t\t\t\t\t\t\t\t\t<div class=\"elementor-gallery-item__overlay\"><\/div>\n\t\t\t\t\t\t\t\t\t\t\t\t\t\t<\/a>\n\t\t\t\t\t\t\t<a class=\"e-gallery-item elementor-gallery-item elementor-animated-content\" href=\"https:\/\/i0.wp.com\/domainedelabrave.com\/wp-content\/uploads\/2022\/11\/4B056ECB-B54C-4FD2-94A2-5F5396B8CC13-scaled.jpeg?fit=2560%2C1920&#038;ssl=1\" data-elementor-open-lightbox=\"yes\" data-elementor-lightbox-slideshow=\"04cd89e\" data-elementor-lightbox-title=\"Fa\u00e7ade of the House\" data-e-action-hash=\"#elementor-action%3Aaction%3Dlightbox%26settings%3DeyJpZCI6OTQwLCJ1cmwiOiJodHRwczpcL1wvZG9tYWluZWRlbGFicmF2ZS5jb21cL3dwLWNvbnRlbnRcL3VwbG9hZHNcLzIwMjJcLzExXC80QjA1NkVDQi1CNTRDLTRGRDItOTRBMi01RjUzOTZCOENDMTMtc2NhbGVkLmpwZWciLCJzbGlkZXNob3ciOiIwNGNkODllIn0%3D\">\n\t\t\t\t\t<div class=\"e-gallery-image elementor-gallery-item__image\" data-thumbnail=\"https:\/\/i0.wp.com\/domainedelabrave.com\/wp-content\/uploads\/2022\/11\/4B056ECB-B54C-4FD2-94A2-5F5396B8CC13-scaled.jpeg?fit=300%2C225&amp;ssl=1\" data-width=\"300\" data-height=\"225\" aria-label=\"Fa\u00e7ade of the House\" role=\"img\" ><\/div>\n\t\t\t\t\t\t\t\t\t\t\t<div class=\"elementor-gallery-item__overlay\"><\/div>\n\t\t\t\t\t\t\t\t\t\t\t\t\t\t<\/a>\n\t\t\t\t\t<\/div>\n\t\t\t\t\t<\/div>\n\t\t\t\t<\/div>\n\t\t\t\t\t<\/div>\n\t\t<\/div>\n\t\t\t\t\t<\/div>\n\t\t<\/section>\n\t\t\t\t<section class=\"elementor-section elementor-top-section elementor-element elementor-element-02fc9c3 elementor-section-boxed elementor-section-height-default elementor-section-height-default\" data-id=\"02fc9c3\" data-element_type=\"section\" data-e-type=\"section\">\n\t\t\t\t\t\t<div class=\"elementor-container elementor-column-gap-default\">\n\t\t\t\t\t<div class=\"elementor-column elementor-col-100 elementor-top-column elementor-element elementor-element-1b72ef6\" data-id=\"1b72ef6\" data-element_type=\"column\" data-e-type=\"column\">\n\t\t\t<div class=\"elementor-widget-wrap elementor-element-populated\">\n\t\t\t\t\t\t<div class=\"elementor-element elementor-element-3fb5a26 elementor-widget elementor-widget-text-editor\" data-id=\"3fb5a26\" data-element_type=\"widget\" data-e-type=\"widget\" data-widget_type=\"text-editor.default\">\n\t\t\t\t<div class=\"elementor-widget-container\">\n\t\t\t\t\t\t\t\t\t<p><span style=\"font-size: 12pt; font-family: tahoma, arial, helvetica, sans-serif; color: #333333;\">Entour\u00e9 de vignobles et id\u00e9alement situ\u00e9 \u00e0 l\u2019entr\u00e9e du Luberon, notre historique Relais de Poste du XVI\u1d49 si\u00e8cle a \u00e9t\u00e9 d\u00e9licatement r\u00e9nov\u00e9 afin de pr\u00e9server son charme ancien tout en offrant tout le confort moderne.<\/span><\/p><p><span style=\"font-size: 12pt; font-family: tahoma, arial, helvetica, sans-serif; color: #333333;\">Le Domaine de La Brave est situ\u00e9 dans la campagne, \u00e0 l\u2019entr\u00e9e du Luberon. Saint-Didier, le village le plus proche, se trouve \u00e0 quelques minutes \u00e0 pied et offre tous les services essentiels, tels que restaurants, boulangeries, supermarch\u00e9s, pharmacie et bornes de recharge pour voitures \u00e9lectriques. Un march\u00e9 traditionnel en plein air a lieu chaque lundi matin.<\/span><\/p><p><span style=\"font-size: 12pt; font-family: tahoma, arial, helvetica, sans-serif; color: #333333;\">En plus de profiter du calme et de la vie priv\u00e9e, les clients peuvent facilement explorer les sites et villages les plus renomm\u00e9s de la r\u00e9gion gr\u00e2ce \u00e0 la situation centrale du domaine. L\u2019abbaye de S\u00e9nanque, L\u2019Isle-sur-la-Sorgue, Fontaine-de-Vaucluse, Avignon, Gordes, Roussillon et Ch\u00e2teauneuf-du-Pape se trouvent tous \u00e0 quelques minutes en voiture.<\/span><\/p>\t\t\t\t\t\t\t\t<\/div>\n\t\t\t\t<\/div>\n\t\t\t\t\t<\/div>\n\t\t<\/div>\n\t\t\t\t\t<\/div>\n\t\t<\/section>\n\t\t\t\t<\/div>","protected":false},"excerpt":{"rendered":"<p>Surrounded by vineyards, ideally located at the gate of Luberon, our historical Relais de Poste from the 16th century has been delicately renovated to preserve its ancient charm while providing all the modern comforts. Domaine de La Brave is situated at the secluded countryside in the gate of Luberon. Saint-Didier &#8212; the closest village &#8212; [&hellip;]<\/p>\n","protected":false},"author":1,"featured_media":0,"parent":0,"menu_order":0,"comment_status":"closed","ping_status":"closed","template":"","meta":{"nf_dc_page":"","om_disable_all_campaigns":false,"_monsterinsights_skip_tracking":false,"_monsterinsights_sitenote_active":false,"_monsterinsights_sitenote_note":"","_monsterinsights_sitenote_category":0,"_uf_show_specific_survey":0,"_uf_disable_surveys":false,"footnotes":""},"class_list":["post-850","page","type-page","status-publish","hentry"],"yoast_head":"<!-- This site is optimized with the Yoast SEO plugin v27.3 - https:\/\/yoast.com\/product\/yoast-seo-wordpress\/ -->\n<title>History - Domaine de La Brave<\/title>\n<meta name=\"robots\" content=\"index, follow, max-snippet:-1, max-image-preview:large, max-video-preview:-1\" \/>\n<link rel=\"canonical\" href=\"https:\/\/domainedelabrave.com\/fr\/history\/\" \/>\n<meta property=\"og:locale\" content=\"fr_FR\" \/>\n<meta property=\"og:type\" content=\"article\" \/>\n<meta property=\"og:title\" content=\"History - Domaine de La Brave\" \/>\n<meta property=\"og:description\" content=\"Surrounded by vineyards, ideally located at the gate of Luberon, our historical Relais de Poste from the 16th century has been delicately renovated to preserve its ancient charm while providing all the modern comforts. Domaine de La Brave is situated at the secluded countryside in the gate of Luberon. Saint-Didier &#8212; the closest village &#8212; [&hellip;]\" \/>\n<meta property=\"og:url\" content=\"https:\/\/domainedelabrave.com\/fr\/history\/\" \/>\n<meta property=\"og:site_name\" content=\"Domaine de La Brave\" \/>\n<meta property=\"article:publisher\" content=\"https:\/\/www.facebook.com\/domainedelabrave\/\" \/>\n<meta property=\"article:modified_time\" content=\"2026-04-05T12:00:35+00:00\" \/>\n<meta name=\"twitter:card\" content=\"summary_large_image\" \/>\n<meta name=\"twitter:label1\" content=\"Dur\u00e9e de lecture estim\u00e9e\" \/>\n\t<meta name=\"twitter:data1\" content=\"1 minute\" \/>\n<script type=\"application\/ld+json\" class=\"yoast-schema-graph\">{\"@context\":\"https:\\\/\\\/schema.org\",\"@graph\":[{\"@type\":\"WebPage\",\"@id\":\"https:\\\/\\\/domainedelabrave.com\\\/history\\\/\",\"url\":\"https:\\\/\\\/domainedelabrave.com\\\/history\\\/\",\"name\":\"History - Domaine de La Brave\",\"isPartOf\":{\"@id\":\"https:\\\/\\\/domainedelabrave.com\\\/#website\"},\"datePublished\":\"2022-11-14T21:27:48+00:00\",\"dateModified\":\"2026-04-05T12:00:35+00:00\",\"breadcrumb\":{\"@id\":\"https:\\\/\\\/domainedelabrave.com\\\/history\\\/#breadcrumb\"},\"inLanguage\":\"fr-FR\",\"potentialAction\":[{\"@type\":\"ReadAction\",\"target\":[\"https:\\\/\\\/domainedelabrave.com\\\/history\\\/\"]}]},{\"@type\":\"BreadcrumbList\",\"@id\":\"https:\\\/\\\/domainedelabrave.com\\\/history\\\/#breadcrumb\",\"itemListElement\":[{\"@type\":\"ListItem\",\"position\":1,\"name\":\"Home\",\"item\":\"https:\\\/\\\/domainedelabrave.com\\\/\"},{\"@type\":\"ListItem\",\"position\":2,\"name\":\"History\"}]},{\"@type\":\"WebSite\",\"@id\":\"https:\\\/\\\/domainedelabrave.com\\\/#website\",\"url\":\"https:\\\/\\\/domainedelabrave.com\\\/\",\"name\":\"Domaine de La Brave\",\"description\":\"Bed &amp; Breakfast in Provence\",\"publisher\":{\"@id\":\"https:\\\/\\\/domainedelabrave.com\\\/#organization\"},\"potentialAction\":[{\"@type\":\"SearchAction\",\"target\":{\"@type\":\"EntryPoint\",\"urlTemplate\":\"https:\\\/\\\/domainedelabrave.com\\\/?s={search_term_string}\"},\"query-input\":{\"@type\":\"PropertyValueSpecification\",\"valueRequired\":true,\"valueName\":\"search_term_string\"}}],\"inLanguage\":\"fr-FR\"},{\"@type\":\"Organization\",\"@id\":\"https:\\\/\\\/domainedelabrave.com\\\/#organization\",\"name\":\"Domaine de La Brave\",\"url\":\"https:\\\/\\\/domainedelabrave.com\\\/\",\"logo\":{\"@type\":\"ImageObject\",\"inLanguage\":\"fr-FR\",\"@id\":\"https:\\\/\\\/domainedelabrave.com\\\/#\\\/schema\\\/logo\\\/image\\\/\",\"url\":\"https:\\\/\\\/i0.wp.com\\\/domainedelabrave.com\\\/wp-content\\\/uploads\\\/2024\\\/10\\\/cropped-LaBrave-1221-2-scaled-2.jpg?fit=512%2C512&ssl=1\",\"contentUrl\":\"https:\\\/\\\/i0.wp.com\\\/domainedelabrave.com\\\/wp-content\\\/uploads\\\/2024\\\/10\\\/cropped-LaBrave-1221-2-scaled-2.jpg?fit=512%2C512&ssl=1\",\"width\":512,\"height\":512,\"caption\":\"Domaine de La Brave\"},\"image\":{\"@id\":\"https:\\\/\\\/domainedelabrave.com\\\/#\\\/schema\\\/logo\\\/image\\\/\"},\"sameAs\":[\"https:\\\/\\\/www.facebook.com\\\/domainedelabrave\\\/\",\"https:\\\/\\\/www.instagram.com\\\/domainedelabrave\\\/\"]}]}<\/script>\n<!-- \/ Yoast SEO plugin. -->","yoast_head_json":{"title":"History - Domaine de La Brave","robots":{"index":"index","follow":"follow","max-snippet":"max-snippet:-1","max-image-preview":"max-image-preview:large","max-video-preview":"max-video-preview:-1"},"canonical":"https:\/\/domainedelabrave.com\/fr\/history\/","og_locale":"fr_FR","og_type":"article","og_title":"History - Domaine de La Brave","og_description":"Surrounded by vineyards, ideally located at the gate of Luberon, our historical Relais de Poste from the 16th century has been delicately renovated to preserve its ancient charm while providing all the modern comforts. Domaine de La Brave is situated at the secluded countryside in the gate of Luberon. Saint-Didier &#8212; the closest village &#8212; [&hellip;]","og_url":"https:\/\/domainedelabrave.com\/fr\/history\/","og_site_name":"Domaine de La Brave","article_publisher":"https:\/\/www.facebook.com\/domainedelabrave\/","article_modified_time":"2026-04-05T12:00:35+00:00","twitter_card":"summary_large_image","twitter_misc":{"Dur\u00e9e de lecture estim\u00e9e":"1 minute"},"schema":{"@context":"https:\/\/schema.org","@graph":[{"@type":"WebPage","@id":"https:\/\/domainedelabrave.com\/history\/","url":"https:\/\/domainedelabrave.com\/history\/","name":"History - Domaine de La Brave","isPartOf":{"@id":"https:\/\/domainedelabrave.com\/#website"},"datePublished":"2022-11-14T21:27:48+00:00","dateModified":"2026-04-05T12:00:35+00:00","breadcrumb":{"@id":"https:\/\/domainedelabrave.com\/history\/#breadcrumb"},"inLanguage":"fr-FR","potentialAction":[{"@type":"ReadAction","target":["https:\/\/domainedelabrave.com\/history\/"]}]},{"@type":"BreadcrumbList","@id":"https:\/\/domainedelabrave.com\/history\/#breadcrumb","itemListElement":[{"@type":"ListItem","position":1,"name":"Home","item":"https:\/\/domainedelabrave.com\/"},{"@type":"ListItem","position":2,"name":"History"}]},{"@type":"WebSite","@id":"https:\/\/domainedelabrave.com\/#website","url":"https:\/\/domainedelabrave.com\/","name":"Domaine de La Brave","description":"Bed &amp; Breakfast in Provence","publisher":{"@id":"https:\/\/domainedelabrave.com\/#organization"},"potentialAction":[{"@type":"SearchAction","target":{"@type":"EntryPoint","urlTemplate":"https:\/\/domainedelabrave.com\/?s={search_term_string}"},"query-input":{"@type":"PropertyValueSpecification","valueRequired":true,"valueName":"search_term_string"}}],"inLanguage":"fr-FR"},{"@type":"Organization","@id":"https:\/\/domainedelabrave.com\/#organization","name":"Domaine de La Brave","url":"https:\/\/domainedelabrave.com\/","logo":{"@type":"ImageObject","inLanguage":"fr-FR","@id":"https:\/\/domainedelabrave.com\/#\/schema\/logo\/image\/","url":"https:\/\/i0.wp.com\/domainedelabrave.com\/wp-content\/uploads\/2024\/10\/cropped-LaBrave-1221-2-scaled-2.jpg?fit=512%2C512&ssl=1","contentUrl":"https:\/\/i0.wp.com\/domainedelabrave.com\/wp-content\/uploads\/2024\/10\/cropped-LaBrave-1221-2-scaled-2.jpg?fit=512%2C512&ssl=1","width":512,"height":512,"caption":"Domaine de La Brave"},"image":{"@id":"https:\/\/domainedelabrave.com\/#\/schema\/logo\/image\/"},"sameAs":["https:\/\/www.facebook.com\/domainedelabrave\/","https:\/\/www.instagram.com\/domainedelabrave\/"]}]}},"jetpack_sharing_enabled":true,"_links":{"self":[{"href":"https:\/\/domainedelabrave.com\/fr\/wp-json\/wp\/v2\/pages\/850","targetHints":{"allow":["GET"]}}],"collection":[{"href":"https:\/\/domainedelabrave.com\/fr\/wp-json\/wp\/v2\/pages"}],"about":[{"href":"https:\/\/domainedelabrave.com\/fr\/wp-json\/wp\/v2\/types\/page"}],"author":[{"embeddable":true,"href":"https:\/\/domainedelabrave.com\/fr\/wp-json\/wp\/v2\/users\/1"}],"replies":[{"embeddable":true,"href":"https:\/\/domainedelabrave.com\/fr\/wp-json\/wp\/v2\/comments?post=850"}],"version-history":[{"count":8,"href":"https:\/\/domainedelabrave.com\/fr\/wp-json\/wp\/v2\/pages\/850\/revisions"}],"predecessor-version":[{"id":4588,"href":"https:\/\/domainedelabrave.com\/fr\/wp-json\/wp\/v2\/pages\/850\/revisions\/4588"}],"wp:attachment":[{"href":"https:\/\/domainedelabrave.com\/fr\/wp-json\/wp\/v2\/media?parent=850"}],"curies":[{"name":"wp","href":"https:\/\/api.w.org\/{rel}","templated":true}]}}